{"id":9120,"date":"2026-02-24T09:38:57","date_gmt":"2026-02-24T08:38:57","guid":{"rendered":"https:\/\/amprefabricadas.com\/?page_id=9120"},"modified":"2026-02-24T09:54:31","modified_gmt":"2026-02-24T08:54:31","slug":"els-nostres-projectes","status":"publish","type":"page","link":"https:\/\/amprefabricadas.com\/ca\/els-nostres-projectes\/","title":{"rendered":"Els nostres projectes"},"content":{"rendered":"<p><img decoding=\"async\" src=\"\/wp-content\/uploads\/2026\/02\/gestion-de-proyectos.png\" alt=\"\"><\/p>\n<h1><strong>Cases prefabricades a Barcelona<\/strong>: Projectes reals<br \/>i habitatges modulars sostenibles<\/h1>\n<div>\n<p>A<strong> AM Prefabricadas<\/strong> dissenyem i constru\u00efm <strong>cases prefabricades i modulars a Barcelona<\/strong>, adaptades a cada parcel\u00b7la i necessitat. Els nostres projectes combinen disseny contemporani, efici\u00e8ncia energ\u00e8tica i sistemes constructius d&#8217;alta qualitat com l&#8217;entramat lleuger de fusta i el formig\u00f3 cel\u00b7lular.<\/p>\n<p>Cada habitatge est\u00e0 pensat per a oferir m\u00e0xim confort, rapidesa d&#8217;execuci\u00f3 i una excel\u00b7lent efici\u00e8ncia t\u00e8rmica. Totes les nostres cases tenen <strong>qualificaci\u00f3 energ\u00e8tica A<\/strong>, garantint un consum redu\u00eft i un habitatge sostenible durant tot l&#8217;any.<\/p>\n<p>Desenvolupem projectes personalitzats a tota la prov\u00edncia de Barcelona, gestionant des del disseny inicial fins a l&#8217;execuci\u00f3 final de l&#8217;habitatge. El nostre sistema modular permet reduir temps d&#8217;obra, optimitzar costos i assegurar acabats precisos.<\/p>\n<p>Si est\u00e0s buscant <strong>construir una casa prefabricada a Barcelona<\/strong>, aqu\u00ed pots veure alguns dels nostres projectes reals i descobrir com treballem.<\/p>\n<\/div>\n<ul>\n<li>\n<p>        <img decoding=\"async\" src=\"\/wp-content\/uploads\/2026\/02\/galeria-casa-prefabricada-modular-81m2-07.webp\" alt=\"\"><\/p>\n<\/li>\n<li>\n<p>        <img decoding=\"async\" src=\"\/wp-content\/uploads\/2026\/02\/galeria-casa-prefabricada-modular-81m2-01.webp\" alt=\"\"><\/p>\n<\/li>\n<li>\n<p>        <img decoding=\"async\" src=\"\/wp-content\/uploads\/2026\/02\/galeria-casa-prefabricada-modular-81m2-04.webp\" alt=\"\"><\/p>\n<\/li>\n<li>\n<p>        <img decoding=\"async\" src=\"\/wp-content\/uploads\/2026\/02\/galeria-casa-prefabricada-modular-81m2.webp\" alt=\"\"><\/p>\n<\/li>\n<li>\n<p>        <img decoding=\"async\" src=\"\/wp-content\/uploads\/2026\/02\/galeria-casa-prefabricada-modular-81m2-06.webp\" alt=\"\"><\/p>\n<\/li>\n<li>\n<p>        <img decoding=\"async\" src=\"\/wp-content\/uploads\/2026\/02\/galeria-casa-prefabricada-modular-81m2-03.webp\" alt=\"\"><\/p>\n<\/li>\n<li>\n<p>        <img decoding=\"async\" src=\"\/wp-content\/uploads\/2026\/02\/galeria-casa-prefabricada-modular-81m2-05.webp\" alt=\"\"><\/p>\n<\/li>\n<li>\n<p>        <img decoding=\"async\" src=\"\/wp-content\/uploads\/2026\/02\/galeria-casa-prefabricada-modular-81m2-11.webp\" alt=\"\"><\/p>\n<\/li>\n<li>\n<p>        <img decoding=\"async\" src=\"\/wp-content\/uploads\/2026\/02\/galeria-casa-prefabricada-modular-81m2-08.webp\" alt=\"\"><\/p>\n<\/li>\n<li>\n<p>        <img decoding=\"async\" src=\"\/wp-content\/uploads\/2026\/02\/galeria-casa-prefabricada-modular-81m2-09.webp\" alt=\"\"><\/p>\n<\/li>\n<li>\n<p>        <img decoding=\"async\" src=\"\/wp-content\/uploads\/2026\/02\/galeria-casa-prefabricada-modular-81m2-12.webp\" alt=\"\"><\/p>\n<\/li>\n<li>\n<p>        <img decoding=\"async\" src=\"\/wp-content\/uploads\/2026\/02\/galeria-casa-prefabricada-modular-81m2-13.webp\" alt=\"\"><\/p>\n<\/li>\n<li>\n<p>        <img decoding=\"async\" src=\"\/wp-content\/uploads\/2026\/02\/galeria-casa-prefabricada-modular-81m2-02.webp\" alt=\"\"><\/p>\n<\/li>\n<li>\n<p>        <img decoding=\"async\" src=\"\/wp-content\/uploads\/2026\/02\/galeria-casa-prefabricada-modular-81m2-10.webp\" alt=\"\"><\/p>\n<\/li>\n<\/ul>\n<h2>Casa Modular a L&#8217;Ametlla del Vall\u00e8s<br \/>de 81 m\u00b2<\/h2>\n<div>\n<p>Habitatge modular finalitzat el gener de 2025 a L\u2019Ametlla del Vall\u00e8s (Barcelona). \u00c9s la nostra casa particular i casa pilot d&#8217;AM Prefabricadas.<\/p>\n<p>81 m\u00b2 constru\u00efts (67 m\u00b2 \u00fatils)<br \/>2 habitacions \u00b7 2 banys (1 en suite)<br \/>Sala d&#8217;estar, menjador i cuina en espai obert<\/p>\n<p>Estructura d&#8217;entramat lleuger de fusta, fa\u00e7ana de fibrociment blanc i porxos exteriors de fusta.<br \/>Disseny contemporani, efici\u00e8ncia energ\u00e8tica i m\u00e0xim confort.<\/p>\n<\/div>\n<p><p>\n        <a href=\"\/ca\/contacte\/\">Vull la meva casa modular<\/a>\n    <\/p>\n<\/p>\n<p><!--more--><br \/>\n<!-- {\"type\":\"layout\",\"children\":[{\"type\":\"section\",\"props\":{\"image_position\":\"center-center\",\"padding_bottom\":\"small\",\"style\":\"default\",\"title_breakpoint\":\"xl\",\"title_position\":\"top-left\",\"title_rotation\":\"left\",\"vertical_align\":\"middle\",\"width\":\"default\"},\"children\":[{\"type\":\"row\",\"children\":[{\"type\":\"column\",\"props\":{\"image_position\":\"center-center\",\"position_sticky_breakpoint\":\"m\"},\"children\":[{\"type\":\"image\",\"props\":{\"image\":\"wp-content\/uploads\/2026\/02\/gestion-de-proyectos.png\",\"image_svg_color\":\"emphasis\",\"image_width\":80,\"margin_bottom\":\"small\",\"margin_top\":\"small\",\"text_align\":\"center\"}},{\"type\":\"headline\",\"props\":{\"content\":\"<strong>Cases prefabricades a Barcelona<\/strong>: Projectes reals<br \/>i habitatges modulars sostenibles\",\"image_align\":\"left\",\"image_margin\":\"xsmall\",\"margin_bottom\":\"small\",\"margin_top\":\"small\",\"text_align\":\"center\",\"title_element\":\"h1\",\"title_style\":\"h2\"}},{\"type\":\"text\",\"props\":{\"block_align\":\"center\",\"column_breakpoint\":\"m\",\"content\":\"\n\n<p>A<strong> AM Prefabricadas<\/strong> dissenyem i constru\u00efm <strong>cases prefabricades i modulars a Barcelona<\/strong>, adaptades a cada parcel\u00b7la i necessitat. Els nostres projectes combinen disseny contemporani, efici\u00e8ncia energ\u00e8tica i sistemes constructius d'alta qualitat com l'entramat lleuger de fusta i el formig\u00f3 cel\u00b7lular.<\/p>\n\n\\n\n\n<p>Cada habitatge est\u00e0 pensat per a oferir m\u00e0xim confort, rapidesa d'execuci\u00f3 i una excel\u00b7lent efici\u00e8ncia t\u00e8rmica. Totes les nostres cases tenen <strong>qualificaci\u00f3 energ\u00e8tica A<\/strong>, garantint un consum redu\u00eft i un habitatge sostenible durant tot l'any.<\/p>\n\n\\n\n\n<p>Desenvolupem projectes personalitzats a tota la prov\u00edncia de Barcelona, gestionant des del disseny inicial fins a l'execuci\u00f3 final de l'habitatge. El nostre sistema modular permet reduir temps d'obra, optimitzar costos i assegurar acabats precisos.<\/p>\n\n\\n\n\n<p>Si est\u00e0s buscant <strong>construir una casa prefabricada a Barcelona<\/strong>, aqu\u00ed pots veure alguns dels nostres projectes reals i descobrir com treballem.<\/p>\n\n\",\"margin_bottom\":\"small\",\"margin_top\":\"small\",\"maxwidth\":\"2xlarge\",\"text_align\":\"center\"}}]}]}],\"name\":\"Introducci\u00f3\"},{\"name\":\"Projectes\",\"type\":\"section\",\"props\":{\"animation\":\"slide-left-small\",\"animation_delay\":false,\"image_position\":\"top-center\",\"padding_top\":\"small\",\"style\":\"default\",\"title_breakpoint\":\"xl\",\"title_position\":\"top-left\",\"title_rotation\":\"left\",\"vertical_align\":\"\",\"width\":\"xlarge\"},\"children\":[{\"type\":\"row\",\"props\":{\"column_gap\":\"collapse\",\"layout\":\"1-2,1-2\",\"margin_bottom\":\"xlarge\",\"margin_top\":\"xlarge\",\"row_gap\":\"collapse\"},\"children\":[{\"type\":\"column\",\"props\":{\"css\":\".el-column {\\n\\tmin-height: 500px;\\n}\",\"image_height\":\"910\",\"image_loading\":true,\"image_position\":\"center-center\",\"image_size\":\"cover\",\"image_width\":\"1300\",\"position_sticky_breakpoint\":\"m\",\"width_large\":\"1-2\"},\"children\":[{\"name\":\"Slideshow Images Thumbnav Below Left\",\"type\":\"slideshow\",\"children\":[{\"type\":\"slideshow_item\",\"props\":{\"image\":\"wp-content\/uploads\/2026\/02\/galeria-casa-prefabricada-modular-81m2-07.webp\"}},{\"type\":\"slideshow_item\",\"props\":{\"image\":\"wp-content\/uploads\/2026\/02\/galeria-casa-prefabricada-modular-81m2-01.webp\"}},{\"type\":\"slideshow_item\",\"props\":{\"image\":\"wp-content\/uploads\/2026\/02\/galeria-casa-prefabricada-modular-81m2-04.webp\"}},{\"type\":\"slideshow_item\",\"props\":{\"image\":\"wp-content\/uploads\/2026\/02\/galeria-casa-prefabricada-modular-81m2.webp\"}},{\"type\":\"slideshow_item\",\"props\":{\"image\":\"wp-content\/uploads\/2026\/02\/galeria-casa-prefabricada-modular-81m2-06.webp\"}},{\"type\":\"slideshow_item\",\"props\":{\"image\":\"wp-content\/uploads\/2026\/02\/galeria-casa-prefabricada-modular-81m2-03.webp\"}},{\"type\":\"slideshow_item\",\"props\":{\"image\":\"wp-content\/uploads\/2026\/02\/galeria-casa-prefabricada-modular-81m2-05.webp\"}},{\"type\":\"slideshow_item\",\"props\":{\"image\":\"wp-content\/uploads\/2026\/02\/galeria-casa-prefabricada-modular-81m2-11.webp\"}},{\"type\":\"slideshow_item\",\"props\":{\"image\":\"wp-content\/uploads\/2026\/02\/galeria-casa-prefabricada-modular-81m2-08.webp\"}},{\"type\":\"slideshow_item\",\"props\":{\"image\":\"wp-content\/uploads\/2026\/02\/galeria-casa-prefabricada-modular-81m2-09.webp\"}},{\"type\":\"slideshow_item\",\"props\":{\"image\":\"wp-content\/uploads\/2026\/02\/galeria-casa-prefabricada-modular-81m2-12.webp\"}},{\"type\":\"slideshow_item\",\"props\":{\"image\":\"wp-content\/uploads\/2026\/02\/galeria-casa-prefabricada-modular-81m2-13.webp\"}},{\"type\":\"slideshow_item\",\"props\":{\"image\":\"wp-content\/uploads\/2026\/02\/galeria-casa-prefabricada-modular-81m2-02.webp\"}},{\"type\":\"slideshow_item\",\"props\":{\"image\":\"wp-content\/uploads\/2026\/02\/galeria-casa-prefabricada-modular-81m2-10.webp\"}}],\"props\":{\"link_style\":\"default\",\"link_text\":\"Read more\",\"margin_bottom\":\"default\",\"margin_top\":\"default\",\"meta_align\":\"below-title\",\"meta_element\":\"div\",\"meta_style\":\"text-meta\",\"nav\":\"thumbnav\",\"nav_align\":\"center\",\"nav_below\":true,\"nav_breakpoint\":\"\",\"nav_margin\":\"small\",\"nav_position\":\"bottom-center\",\"nav_position_margin\":\"medium\",\"nav_vertical\":true,\"overlay_animation\":\"parallax\",\"overlay_position\":\"center-left\",\"show_content\":true,\"show_link\":true,\"show_meta\":true,\"show_thumbnail\":true,\"show_title\":true,\"slidenav\":\"\",\"slidenav_breakpoint\":\"s\",\"slidenav_hover\":true,\"slidenav_large\":true,\"slidenav_margin\":\"medium\",\"slidenav_outside_breakpoint\":\"xl\",\"slideshow_autoplay\":true,\"slideshow_autoplay_pause\":true,\"slideshow_kenburns\":\"center-right\",\"slideshow_min_height\":\"300\",\"slideshow_ratio\":\"1:1\",\"text_align\":\"center\",\"thumbnav_height\":\"50\",\"thumbnav_shrink\":false,\"thumbnav_svg_color\":\"emphasis\",\"thumbnav_width\":\"50\",\"title_element\":\"h3\",\"title_hover_style\":\"reset\"}}]},{\"type\":\"column\",\"props\":{\"image\":\"wp-content\/uploads\/residences-bg.svg\",\"image_height\":\"910\",\"image_position\":\"center-center\",\"image_size\":\"cover\",\"image_width\":\"1300\",\"padding\":\"large\",\"position_sticky_breakpoint\":\"m\",\"style\":\"tile-muted\",\"width_large\":\"1-2\"},\"children\":[{\"type\":\"headline\",\"props\":{\"block_align\":\"center\",\"content\":\"Casa Modular a L'Ametlla del Vall\u00e8s<br \/>de 81 m\u00b2\",\"image_align\":\"left\",\"image_margin\":\"xsmall\",\"maxwidth\":\"large\",\"title_element\":\"h2\"}},{\"type\":\"text\",\"props\":{\"block_align\":\"center\",\"column_breakpoint\":\"m\",\"content\":\"\n\n<p>Habitatge modular finalitzat el gener de 2025 a L\u2019Ametlla del Vall\u00e8s (Barcelona). \u00c9s la nostra casa particular i casa pilot d'AM Prefabricadas.<\/p>\n\n\\n\n\n<p>81 m\u00b2 constru\u00efts (67 m\u00b2 \u00fatils)<br \/>2 habitacions \u00b7 2 banys (1 en suite)<br \/>Sala d'estar, menjador i cuina en espai obert<\/p>\n\n\\n\n\n<p>Estructura d'entramat lleuger de fusta, fa\u00e7ana de fibrociment blanc i porxos exteriors de fusta.<br \/>Disseny contemporani, efici\u00e8ncia energ\u00e8tica i m\u00e0xim confort.<\/p>\n\n\",\"margin_bottom\":\"\",\"margin_top\":\"\",\"maxwidth\":\"large\"}},{\"type\":\"button\",\"props\":{\"block_align\":\"center\",\"button_size\":\"large\",\"fullwidth\":false,\"grid_column_gap\":\"small\",\"grid_row_gap\":\"small\",\"margin_bottom\":\"medium\",\"margin_top\":\"medium\",\"maxwidth\":\"large\"},\"children\":[{\"type\":\"button_item\",\"props\":{\"button_style\":\"secondary\",\"content\":\"Vull la meva casa modular\",\"dialog_layout\":\"modal\",\"dialog_offcanvas_flip\":true,\"icon\":\"info\",\"icon_align\":\"left\",\"link\":\"ca\/contacte\/\",\"link_title\":\"Vull la meva casa modular\"}}]}]}]},{\"type\":\"row\",\"props\":{\"column_gap\":\"collapse\",\"layout\":\"1-2,1-2\",\"margin_bottom\":\"xlarge\",\"margin_top\":\"xlarge\",\"row_gap\":\"collapse\",\"status\":\"disabled\"},\"children\":[{\"type\":\"column\",\"props\":{\"css\":\".el-column {\\n\\tmin-height: 500px;\\n}\",\"image\":\"wp-content\/uploads\/residences-building-02.jpg\",\"image_height\":\"910\",\"image_position\":\"center-center\",\"image_size\":\"cover\",\"image_width\":\"1300\",\"position_sticky_breakpoint\":\"m\",\"width_large\":\"1-2\"}},{\"type\":\"column\",\"props\":{\"image\":\"wp-content\/uploads\/residences-bg.svg\",\"image_height\":\"910\",\"image_position\":\"center-center\",\"image_size\":\"cover\",\"image_width\":\"1300\",\"order_first\":\"l\",\"padding\":\"large\",\"position_sticky_breakpoint\":\"m\",\"style\":\"tile-muted\",\"width_large\":\"1-2\"},\"children\":[{\"type\":\"headline\",\"props\":{\"block_align\":\"center\",\"content\":\"Shape Tower\",\"image_align\":\"left\",\"image_margin\":\"xsmall\",\"maxwidth\":\"large\",\"title_element\":\"h2\"}},{\"type\":\"text\",\"props\":{\"block_align\":\"center\",\"column_breakpoint\":\"m\",\"content\":\"Lorem ipsum dolor sit amet, consectetuer adipiscing elit. Aenean commodo ligula eget dolor. Aenean massa. Cum sociis natoque penatibus et magnis dis parturient montes nascetur ridiculus mus.\\n\",\"margin_bottom\":\"\",\"margin_top\":\"\",\"maxwidth\":\"large\"}},{\"type\":\"button\",\"props\":{\"block_align\":\"center\",\"fullwidth\":false,\"grid_column_gap\":\"small\",\"grid_row_gap\":\"small\",\"margin_bottom\":\"medium\",\"margin_top\":\"medium\",\"maxwidth\":\"large\"},\"children\":[{\"type\":\"button_item\",\"props\":{\"button_style\":\"primary\",\"content\":\"Learn More\",\"dialog_layout\":\"modal\",\"dialog_offcanvas_flip\":true,\"icon_align\":\"left\",\"link\":\"#\"}}]}]}]}]}],\"version\":\"5.0.16\"} --><\/p>\n","protected":false},"excerpt":{"rendered":"<p>Cases prefabricades a Barcelona: Projectes realsi habitatges modulars sostenibles A AM Prefabricadas dissenyem i constru\u00efm cases prefabricades i modulars a Barcelona, adaptades a cada parcel\u00b7la i necessitat. Els nostres projectes combinen disseny contemporani, efici\u00e8ncia energ\u00e8tica i sistemes constructius d&#8217;alta qualitat com l&#8217;entramat lleuger de fusta i el formig\u00f3 cel\u00b7lular. Cada habitatge est\u00e0 pensat per a [&hellip;]<\/p>\n","protected":false},"author":1,"featured_media":0,"parent":0,"menu_order":0,"comment_status":"closed","ping_status":"closed","template":"","meta":{"footnotes":""},"class_list":["post-9120","page","type-page","status-publish","hentry"],"_links":{"self":[{"href":"https:\/\/amprefabricadas.com\/ca\/wp-json\/wp\/v2\/pages\/9120","targetHints":{"allow":["GET"]}}],"collection":[{"href":"https:\/\/amprefabricadas.com\/ca\/wp-json\/wp\/v2\/pages"}],"about":[{"href":"https:\/\/amprefabricadas.com\/ca\/wp-json\/wp\/v2\/types\/page"}],"author":[{"embeddable":true,"href":"https:\/\/amprefabricadas.com\/ca\/wp-json\/wp\/v2\/users\/1"}],"replies":[{"embeddable":true,"href":"https:\/\/amprefabricadas.com\/ca\/wp-json\/wp\/v2\/comments?post=9120"}],"version-history":[{"count":9,"href":"https:\/\/amprefabricadas.com\/ca\/wp-json\/wp\/v2\/pages\/9120\/revisions"}],"predecessor-version":[{"id":9129,"href":"https:\/\/amprefabricadas.com\/ca\/wp-json\/wp\/v2\/pages\/9120\/revisions\/9129"}],"wp:attachment":[{"href":"https:\/\/amprefabricadas.com\/ca\/wp-json\/wp\/v2\/media?parent=9120"}],"curies":[{"name":"wp","href":"https:\/\/api.w.org\/{rel}","templated":true}]}}