{"id":5799,"date":"2024-12-18T13:25:35","date_gmt":"2024-12-18T12:25:35","guid":{"rendered":"https:\/?page_id=5799"},"modified":"2024-12-18T13:35:24","modified_gmt":"2024-12-18T12:35:24","slug":"sistemes-constructius","status":"publish","type":"page","link":"https:\/\/amprefabricadas.com\/ca\/sistemes-constructius\/","title":{"rendered":"Sistemes constructius"},"content":{"rendered":"<p><img decoding=\"async\" src=\"\/wp-content\/uploads\/2024\/09\/sistemas-constructivos.webp\" alt=\"\"><\/p>\n<h1>Sistemes <strong>constructius<\/strong><\/h1>\n<div>\n<p><strong>Tenim dos sistemes constructius eficients:<\/strong> entramat lleuger de fusta i formig\u00f3 cel\u00b7lular <strong><span class=\"text-ytong\">YTONG<sup>\u00ae<\/sup><\/span><\/strong>. Tots dos materials <strong>tenen propietats totalment eficients, sostenibles, a\u00efllament t\u00e8rmic, ac\u00fastic, resistents al foc<\/strong>, entre d&#8217;altres. Hi ha algunes difer\u00e8ncies i te les expliquem a continuaci\u00f3.<\/p>\n<\/div>\n<p><img decoding=\"async\" src=\"\/wp-content\/uploads\/2024\/08\/construccion-entramado-ligero-de-madera.webp\" alt=\"\"><\/p>\n<h2><strong>Entramat lleuger de fusta<\/strong><\/h2>\n<div>\n<p>Es tracta d&#8217;un sistema constructiu en sec, \u00e9s a dir, de construcci\u00f3 r\u00e0pida, segur, net, amb pocs residus i sobretot d&#8217;alta efici\u00e8ncia energ\u00e8tica. Est\u00e0 format per un panell amb diverses capes de tota mena de materials a\u00efllants.<\/p>\n<\/div>\n<ul>\n<li>\n<p>        <img decoding=\"async\" src=\"\/wp-content\/uploads\/2024\/09\/rapida-construccion.webp\" alt=\"\"><\/p>\n<div>R\u00e0pida construcci\u00f3<\/div>\n<\/li>\n<li>\n<p>        <img decoding=\"async\" src=\"\/wp-content\/uploads\/2024\/09\/aislamiento-termico.webp\" alt=\"\"><\/p>\n<div>A\u00efllament t\u00e8rmic<\/div>\n<\/li>\n<li>\n<p>        <img decoding=\"async\" src=\"\/wp-content\/uploads\/2024\/09\/eficiencia-energetica-a.webp\" alt=\"\"><\/p>\n<div>Efic. energ\u00e8tica A<\/div>\n<\/li>\n<li>\n<p>        <img decoding=\"async\" src=\"\/wp-content\/uploads\/2024\/09\/ahorro.webp\" alt=\"\"><\/p>\n<div>Estalvi<\/div>\n<\/li>\n<li>\n<p>        <img decoding=\"async\" src=\"\/wp-content\/uploads\/2024\/09\/flexibilidad.webp\" alt=\"\"><\/p>\n<div>Flexibilitat<\/div>\n<\/li>\n<li>\n<p>        <img decoding=\"async\" src=\"\/wp-content\/uploads\/2024\/09\/sostenible.webp\" alt=\"\"><\/p>\n<div>Sostenible<\/div>\n<\/li>\n<li>\n<p>        <img decoding=\"async\" src=\"\/wp-content\/uploads\/2024\/09\/resistencia-al-fuego.webp\" alt=\"\"><\/p>\n<div>Resist\u00e8ncia al foc<\/div>\n<\/li>\n<li>\n<p>        <img decoding=\"async\" src=\"\/wp-content\/uploads\/2024\/09\/multiples-acabados.webp\" alt=\"\"><\/p>\n<div>M\u00faltiples acabats<\/div>\n<\/li>\n<\/ul>\n<p><img decoding=\"async\" src=\"\/wp-content\/uploads\/2024\/08\/ytong.webp\" alt=\"\"><\/p>\n<h2><strong>Formig\u00f3 cel\u00b7lular YTONG<\/strong><\/h2>\n<div>\n<p>\u00c9s un sistema senzill i efica\u00e7 per dissenyar projectes de construcci\u00f3 i renovaci\u00f3. Els murs de formig\u00f3 cel\u00b7lular ofereixen un rendiment t\u00e8rmic superior a la mitjana de les solucions de ma\u00e7oneria convencionals.<\/p>\n<p>L&#8217;estructura alveolar dels blocs permet l&#8217;encapsulament de milions de bombolles min\u00fascules d&#8217;aire i garanteix aix\u00ed un rendiment t\u00e8rmic 3 en 1: excel\u00b7lent a\u00efllament t\u00e8rmic, perfecte tractament dels ponts t\u00e8rmics i total estanquitat a l&#8217;aire.<\/p>\n<\/div>\n<ul>\n<li>\n<p>        <img decoding=\"async\" src=\"\/wp-content\/uploads\/2024\/09\/aislamiento-termico.webp\" alt=\"\"><\/p>\n<div>A\u00efllament t\u00e8rmic<\/div>\n<\/li>\n<li>\n<p>        <img decoding=\"async\" src=\"\/wp-content\/uploads\/2024\/09\/estanqueidad-al-aire.webp\" alt=\"\"><\/p>\n<div>Estanque\u00eftat a l&#8217;aire<\/div>\n<\/li>\n<li>\n<p>        <img decoding=\"async\" src=\"\/wp-content\/uploads\/2024\/09\/resistencia-al-fuego.webp\" alt=\"\"><\/p>\n<div>Resist\u00e8ncia al foc<\/div>\n<\/li>\n<li>\n<p>        <img decoding=\"async\" src=\"\/wp-content\/uploads\/2024\/09\/sostenible.webp\" alt=\"\"><\/p>\n<div>Sostenible<\/div>\n<\/li>\n<\/ul>\n<p><img decoding=\"async\" src=\"\/wp-content\/uploads\/2024\/08\/ytong.webp\" alt=\"\"><\/p>\n<p><!--more--><br \/>\n<!-- {\"type\":\"layout\",\"children\":[{\"name\":\"Introducci\\u00f3\",\"type\":\"section\",\"props\":{\"image_position\":\"center-center\",\"padding_remove_bottom\":false,\"style\":\"default\",\"title_breakpoint\":\"xl\",\"title_position\":\"top-left\",\"title_rotation\":\"left\",\"vertical_align\":\"\",\"width\":\"xlarge\"},\"children\":[{\"type\":\"row\",\"children\":[{\"type\":\"column\",\"props\":{\"image_position\":\"center-center\",\"position_sticky_breakpoint\":\"m\",\"width_medium\":\"1-1\"},\"children\":[{\"type\":\"image\",\"props\":{\"image\":\"wp-content\\\/uploads\\\/2024\\\/09\\\/sistemas-constructivos.webp\",\"image_svg_color\":\"emphasis\",\"image_width\":80,\"margin\":\"small\",\"text_align\":\"center\"}},{\"type\":\"headline\",\"props\":{\"animation\":\"parallax\",\"content\":\"Sistemes <strong>constructius<\\\/strong>\",\"margin\":\"small\",\"parallax_breakpoint\":\"m\",\"parallax_easing\":\"1\",\"parallax_y\":\"0,-75\",\"text_align\":\"center\",\"title_element\":\"h1\",\"title_style\":\"h2\"}},{\"type\":\"text\",\"props\":{\"block_align\":\"center\",\"column_breakpoint\":\"m\",\"content\":\"\n\n<p><strong>Tenim dos sistemes constructius eficients:<\\\/strong> entramat lleuger de fusta i formig\\u00f3 cel\\u00b7lular <strong><span class=\\\"text-ytong\\\">YTONG<sup>\\u00ae<\\\/sup><\\\/span><\\\/strong>. Tots dos materials <strong>tenen propietats totalment eficients, sostenibles, a\\u00efllament t\\u00e8rmic, ac\\u00fastic, resistents al foc<\\\/strong>, entre d'altres. Hi ha algunes difer\\u00e8ncies i te les expliquem a continuaci\\u00f3.<\\\/p>\",\"margin\":\"small\",\"maxwidth\":\"2xlarge\",\"text_align\":\"center\"}}]}]}]},{\"type\":\"section\",\"props\":{\"image_position\":\"center-center\",\"padding_remove_top\":true,\"style\":\"default\",\"title_breakpoint\":\"xl\",\"title_position\":\"top-left\",\"title_rotation\":\"left\",\"vertical_align\":\"middle\",\"width\":\"large\"},\"children\":[{\"type\":\"row\",\"props\":{\"column_gap\":\"collapse\",\"layout\":\"1-2,1-2\",\"margin\":\"default\",\"row_gap\":\"collapse\"},\"children\":[{\"type\":\"column\",\"props\":{\"image_position\":\"center-center\",\"position_sticky_breakpoint\":\"m\",\"vertical_align\":\"middle\",\"width_medium\":\"1-2\"},\"children\":[{\"type\":\"image\",\"props\":{\"image\":\"wp-content\\\/uploads\\\/2024\\\/08\\\/construccion-entramado-ligero-de-madera.webp\",\"image_height\":900,\"image_svg_color\":\"emphasis\",\"image_width\":1000,\"margin\":\"default\"}}]},{\"type\":\"column\",\"props\":{\"image_position\":\"center-center\",\"position_sticky_breakpoint\":\"m\",\"style\":\"tile-muted\",\"vertical_align\":\"middle\",\"width_medium\":\"1-2\"},\"children\":[{\"type\":\"headline\",\"props\":{\"block_align\":\"center\",\"content\":\"<strong>Entramat lleuger de fusta<\\\/strong>\",\"margin\":\"small\",\"maxwidth\":\"large\",\"title_element\":\"h2\",\"title_style\":\"h3\"}},{\"type\":\"text\",\"props\":{\"block_align\":\"center\",\"column_breakpoint\":\"m\",\"content\":\"\n\n<p>Es tracta d'un sistema constructiu en sec, \\u00e9s a dir, de construcci\\u00f3 r\\u00e0pida, segur, net, amb pocs residus i sobretot d'alta efici\\u00e8ncia energ\\u00e8tica. Est\\u00e0 format per un panell amb diverses capes de tota mena de materials a\\u00efllants.<\\\/p>\",\"margin\":\"\",\"maxwidth\":\"large\"}},{\"name\":\"List Marker Icon\",\"type\":\"list\",\"children\":[{\"type\":\"list_item\",\"props\":{\"content\":\"R\\u00e0pida construcci\\u00f3\",\"icon\":\"\",\"image\":\"wp-content\\\/uploads\\\/2024\\\/09\\\/rapida-construccion.webp\"}},{\"type\":\"list_item\",\"props\":{\"content\":\"A\\u00efllament t\\u00e8rmic\",\"icon\":\"\",\"image\":\"wp-content\\\/uploads\\\/2024\\\/09\\\/aislamiento-termico.webp\"}},{\"type\":\"list_item\",\"props\":{\"content\":\"Efic. energ\\u00e8tica A\",\"icon\":\"\",\"image\":\"wp-content\\\/uploads\\\/2024\\\/09\\\/eficiencia-energetica-a.webp\"}},{\"type\":\"list_item\",\"props\":{\"content\":\"Estalvi\",\"icon\":\"\",\"image\":\"wp-content\\\/uploads\\\/2024\\\/09\\\/ahorro.webp\"}},{\"type\":\"list_item\",\"props\":{\"content\":\"Flexibilitat\",\"icon\":\"\",\"image\":\"wp-content\\\/uploads\\\/2024\\\/09\\\/flexibilidad.webp\"}},{\"type\":\"list_item\",\"props\":{\"content\":\"Sostenible\",\"icon\":\"\",\"image\":\"wp-content\\\/uploads\\\/2024\\\/09\\\/sostenible.webp\"}},{\"type\":\"list_item\",\"props\":{\"content\":\"Resist\\u00e8ncia al foc\",\"icon\":\"\",\"image\":\"wp-content\\\/uploads\\\/2024\\\/09\\\/resistencia-al-fuego.webp\"}},{\"type\":\"list_item\",\"props\":{\"content\":\"M\\u00faltiples acabats\",\"icon\":\"\",\"image\":\"wp-content\\\/uploads\\\/2024\\\/09\\\/multiples-acabados.webp\"}}],\"props\":{\"block_align\":\"center\",\"column\":\"1-2\",\"column_breakpoint\":\"m\",\"icon_color\":\"primary\",\"image\":true,\"image_align\":\"left\",\"image_svg_color\":\"emphasis\",\"image_vertical_align\":false,\"image_width\":\"30\",\"list_element\":\"ul\",\"list_horizontal_separator\":\", \",\"list_type\":\"vertical\",\"margin\":\"default\",\"maxwidth\":\"large\",\"show_image\":true,\"show_link\":true}}]}]}],\"name\":\"Entramat lleuger fusta\"},{\"type\":\"section\",\"props\":{\"image_position\":\"center-center\",\"padding_remove_bottom\":true,\"style\":\"default\",\"title_breakpoint\":\"xl\",\"title_position\":\"top-left\",\"title_rotation\":\"left\",\"vertical_align\":\"middle\",\"width\":\"default\"},\"children\":[{\"type\":\"row\",\"children\":[{\"type\":\"column\",\"props\":{\"image_position\":\"center-center\",\"position_sticky_breakpoint\":\"m\"},\"children\":[{\"type\":\"image\",\"props\":{\"image\":\"wp-content\\\/uploads\\\/2024\\\/08\\\/ytong.webp\",\"image_height\":900,\"image_svg_color\":\"emphasis\",\"image_width\":1000,\"margin\":\"default\",\"visibility\":\"hidden-l\"}}]}]}],\"name\":\"Foto m\\u00f2bil entramat lleuger\"},{\"type\":\"section\",\"props\":{\"image_position\":\"center-center\",\"padding_remove_top\":true,\"style\":\"default\",\"title_breakpoint\":\"xl\",\"title_position\":\"top-left\",\"title_rotation\":\"left\",\"vertical_align\":\"middle\",\"width\":\"large\"},\"children\":[{\"type\":\"row\",\"props\":{\"column_gap\":\"collapse\",\"layout\":\"1-2,1-2\",\"margin\":\"default\",\"row_gap\":\"collapse\"},\"children\":[{\"type\":\"column\",\"props\":{\"image_position\":\"center-center\",\"position_sticky_breakpoint\":\"m\",\"style\":\"tile-muted\",\"vertical_align\":\"middle\",\"width_medium\":\"1-2\"},\"children\":[{\"type\":\"headline\",\"props\":{\"block_align\":\"center\",\"content\":\"<strong>Formig\\u00f3 cel\\u00b7lular YTONG<\\\/strong>\",\"margin\":\"small\",\"maxwidth\":\"large\",\"title_element\":\"h2\",\"title_style\":\"h3\"}},{\"type\":\"text\",\"props\":{\"block_align\":\"center\",\"column_breakpoint\":\"m\",\"content\":\"\n\n<p>\\u00c9s un sistema senzill i efica\\u00e7 per dissenyar projectes de construcci\\u00f3 i renovaci\\u00f3. Els murs de formig\\u00f3 cel\\u00b7lular ofereixen un rendiment t\\u00e8rmic superior a la mitjana de les solucions de ma\\u00e7oneria convencionals.<\\\/p>\\n\n\n<p>L'estructura alveolar dels blocs permet l'encapsulament de milions de bombolles min\\u00fascules d'aire i garanteix aix\\u00ed un rendiment t\\u00e8rmic 3 en 1: excel\\u00b7lent a\\u00efllament t\\u00e8rmic, perfecte tractament dels ponts t\\u00e8rmics i total estanquitat a l'aire.<\\\/p>\",\"margin\":\"\",\"maxwidth\":\"large\"}},{\"name\":\"List Marker Icon\",\"type\":\"list\",\"children\":[{\"type\":\"list_item\",\"props\":{\"content\":\"A\\u00efllament t\\u00e8rmic\",\"icon\":\"\",\"image\":\"wp-content\\\/uploads\\\/2024\\\/09\\\/aislamiento-termico.webp\"}},{\"type\":\"list_item\",\"props\":{\"content\":\"Estanque\\u00eftat a l'aire\",\"icon\":\"\",\"image\":\"wp-content\\\/uploads\\\/2024\\\/09\\\/estanqueidad-al-aire.webp\"}},{\"type\":\"list_item\",\"props\":{\"content\":\"Resist\\u00e8ncia al foc\",\"icon\":\"\",\"image\":\"wp-content\\\/uploads\\\/2024\\\/09\\\/resistencia-al-fuego.webp\"}},{\"type\":\"list_item\",\"props\":{\"content\":\"Sostenible\",\"icon\":\"\",\"image\":\"wp-content\\\/uploads\\\/2024\\\/09\\\/sostenible.webp\"}}],\"props\":{\"block_align\":\"center\",\"column\":\"1-2\",\"column_breakpoint\":\"m\",\"icon_color\":\"primary\",\"image\":true,\"image_align\":\"left\",\"image_svg_color\":\"emphasis\",\"image_vertical_align\":false,\"image_width\":\"30\",\"list_element\":\"ul\",\"list_horizontal_separator\":\", \",\"list_type\":\"vertical\",\"margin\":\"default\",\"maxwidth\":\"large\",\"show_image\":true,\"show_link\":true}}]},{\"type\":\"column\",\"props\":{\"image_position\":\"center-center\",\"padding\":\"xsmall\",\"position_sticky_breakpoint\":\"m\",\"vertical_align\":\"middle\",\"width_medium\":\"1-2\"},\"children\":[{\"type\":\"image\",\"props\":{\"image\":\"wp-content\\\/uploads\\\/2024\\\/08\\\/ytong.webp\",\"image_height\":900,\"image_svg_color\":\"emphasis\",\"image_width\":1000,\"margin\":\"default\",\"visibility\":\"l\"}}]}]}],\"name\":\"Ytong\"}],\"version\":\"4.4.16\"} --><\/p>\n","protected":false},"excerpt":{"rendered":"<p>Sistemes constructius Tenim dos sistemes constructius eficients: entramat lleuger de fusta i formig\u00f3 cel\u00b7lular YTONG\u00ae. Tots dos materials tenen propietats totalment eficients, sostenibles, a\u00efllament t\u00e8rmic, ac\u00fastic, resistents al foc, entre d&#8217;altres. Hi ha algunes difer\u00e8ncies i te les expliquem a continuaci\u00f3. Entramat lleuger de fusta Es tracta d&#8217;un sistema constructiu en sec, \u00e9s a dir, [&hellip;]<\/p>\n","protected":false},"author":1,"featured_media":0,"parent":0,"menu_order":0,"comment_status":"closed","ping_status":"closed","template":"","meta":{"footnotes":""},"class_list":["post-5799","page","type-page","status-publish","hentry"],"_links":{"self":[{"href":"https:\/\/amprefabricadas.com\/ca\/wp-json\/wp\/v2\/pages\/5799","targetHints":{"allow":["GET"]}}],"collection":[{"href":"https:\/\/amprefabricadas.com\/ca\/wp-json\/wp\/v2\/pages"}],"about":[{"href":"https:\/\/amprefabricadas.com\/ca\/wp-json\/wp\/v2\/types\/page"}],"author":[{"embeddable":true,"href":"https:\/\/amprefabricadas.com\/ca\/wp-json\/wp\/v2\/users\/1"}],"replies":[{"embeddable":true,"href":"https:\/\/amprefabricadas.com\/ca\/wp-json\/wp\/v2\/comments?post=5799"}],"version-history":[{"count":0,"href":"https:\/\/amprefabricadas.com\/ca\/wp-json\/wp\/v2\/pages\/5799\/revisions"}],"wp:attachment":[{"href":"https:\/\/amprefabricadas.com\/ca\/wp-json\/wp\/v2\/media?parent=5799"}],"curies":[{"name":"wp","href":"https:\/\/api.w.org\/{rel}","templated":true}]}}