{"id":5750,"date":"2024-12-17T23:30:04","date_gmt":"2024-12-17T22:30:04","guid":{"rendered":"https:\/?page_id=5750"},"modified":"2024-12-18T13:24:25","modified_gmt":"2024-12-18T12:24:25","slug":"serveis-extra","status":"publish","type":"page","link":"https:\/\/amprefabricadas.com\/ca\/serveis-extra\/","title":{"rendered":"Serveis extra"},"content":{"rendered":"<p><img decoding=\"async\" src=\"\/wp-content\/uploads\/2024\/09\/servicios-extra.webp\" alt=\"\"><\/p>\n<h1>Serveis <strong>extra<\/strong><\/h1>\n<div>\n<p>En els nostres projectes de cases prefabricades no incloem el muntatge de la cuina, per\u00f2 tenim a la teva disposici\u00f3 els nostres professionals per oferir-te el servei d&#8217;acord amb el pressupost disponible destinat a fer-ho. A banda, constru\u00efm piscines, instal\u00b7lem plaques fotovoltaiques, murs i tanques, pavimentaci\u00f3 i jardineria.<\/p>\n<\/div>\n<ul>\n<li>\n<p><img decoding=\"async\" src=\"\/wp-content\/uploads\/2024\/08\/diseno-del-proyecto.webp\" alt=\"\"><\/p>\n<h2>Arquitectes<\/h2>\n<p>Servei d&#8217;arquitectura<\/p>\n<div>\n<p>Servei d&#8217;arquitectura per a l&#8217;elaboraci\u00f3 de tota mena de projectes per sol\u00b7licitar la llic\u00e8ncia municipal d&#8217;obres.<\/p>\n<\/div>\n<\/li>\n<li>\n<p><img decoding=\"async\" src=\"\/wp-content\/uploads\/2024\/08\/cocinas-modernas.webp\" alt=\"\"><\/p>\n<h2>Cuines<\/h2>\n<p>Totalment a mida<\/p>\n<div>\n<p>Els nostres professionals podran dissenyar, fabricar i muntar la cuina amb un disseny modern i actual. Tamb\u00e9 us ajudem a equipar-la amb electrodom\u00e8stics d&#8217;alta qualitat i amb efici\u00e8ncia energ\u00e8tica.<\/p>\n<\/div>\n<\/li>\n<li>\n<p><img decoding=\"async\" src=\"\/wp-content\/uploads\/2024\/08\/interiorismo.webp\" alt=\"\"><\/p>\n<h2>Interiorisme<\/h2>\n<p>Decorem casa teva<\/p>\n<div>\n<p>Disposem de servei addicional d&#8217;interiorisme per ajudar-te a decorar casa teva amb un disseny modern i actual, sempre respectant les teves idees.<\/p>\n<\/div>\n<\/li>\n<li>\n<p><img decoding=\"async\" src=\"\/wp-content\/uploads\/2024\/08\/exteriores.webp\" alt=\"\"><\/p>\n<h2>Exteriors<\/h2>\n<p>Disseny de l&#8217;exterior<\/p>\n<div>\n<p>Et posem en contacte amb els nostres professionals de confian\u00e7a perqu\u00e8 puguis dissenyar l&#8217;exterior de casa teva que sempre has volgut.<\/p>\n<\/div>\n<\/li>\n<li>\n<p><img decoding=\"async\" src=\"\/wp-content\/uploads\/2024\/09\/muros-y-vallas.webp\" alt=\"\"><\/p>\n<h2>Murs i tanques<\/h2>\n<p>Tancament de la teva parcel\u00b7la<\/p>\n<div>\n<p>Constru\u00efm murs per a la fa\u00e7ana principal de casa teva, i tamb\u00e9, i la resta de tanques perimetrals de tota la parcel\u00b7la. Instal\u00b7lem tot tipus de tanques.<\/p>\n<\/div>\n<\/li>\n<li>\n<p><img decoding=\"async\" src=\"\/wp-content\/uploads\/2024\/09\/pavimentacion-exteriores.webp\" alt=\"\"><\/p>\n<h2>Pavimentaci\u00f3<\/h2>\n<p>Rampes, p\u00e0rquings i exteriors<\/p>\n<div>\n<p>Pavimentem espais a la teva parcel\u00b7la, com seria, una rampa d&#8217;acc\u00e9s per a cotxes, p\u00e0rquing i exteriors.<\/p>\n<\/div>\n<\/li>\n<li>\n<p><img decoding=\"async\" src=\"\/wp-content\/uploads\/2024\/09\/jardineria.webp\" alt=\"\"><\/p>\n<h2>Jardineria<\/h2>\n<p>Paisatgisme per casa teva<\/p>\n<div>\n<p>Servei de jardineria per arreglar tota la parcel\u00b7la amb un bonic i elegant jard\u00ed per gaudir amb la teva fam\u00edlia. Ens adaptem a tots els pressupostos.<\/p>\n<\/div>\n<\/li>\n<li>\n<p><img decoding=\"async\" src=\"\/wp-content\/uploads\/2024\/08\/instalacion-placas-fotovoltaicas.webp\" alt=\"\"><\/p>\n<h2>Plaques fotovoltaiques<\/h2>\n<p>Redueix costos denergia<\/p>\n<div>\n<p>Instal\u00b7la amb nosaltres les teves plaques fotovoltaiques. Reduir\u00e0s considerablement les factures en costos energ\u00e8tics, i a m\u00e9s tamb\u00e9 reduir\u00e0s la teva petjada de carboni.<\/p>\n<\/div>\n<\/li>\n<li>\n<p><img decoding=\"async\" src=\"\/wp-content\/uploads\/2024\/08\/construccion-piscinas.webp\" alt=\"\"><\/p>\n<h2>Piscines<\/h2>\n<p>Obra i Prefabricades<\/p>\n<div>\n<p>Vols fer realitat el teu somni de tenir una piscina privada a casa teva? Nosaltres ho podem fer! Els nostres professionals us poden assessorar i aconsellar que s&#8217;adapta millor a les vostres necessitats.<\/p>\n<\/div>\n<\/li>\n<\/ul>\n<p><!--more--><br \/>\n<!-- {\"type\":\"layout\",\"children\":[{\"type\":\"section\",\"props\":{\"image_position\":\"center-center\",\"style\":\"default\",\"title_breakpoint\":\"xl\",\"title_position\":\"top-left\",\"title_rotation\":\"left\",\"vertical_align\":\"middle\",\"width\":\"default\"},\"children\":[{\"type\":\"row\",\"children\":[{\"type\":\"column\",\"props\":{\"image_position\":\"center-center\",\"position_sticky_breakpoint\":\"m\"},\"children\":[{\"type\":\"image\",\"props\":{\"image\":\"wp-content\\\/uploads\\\/2024\\\/09\\\/servicios-extra.webp\",\"image_svg_color\":\"emphasis\",\"image_width\":80,\"margin\":\"small\",\"text_align\":\"center\"}},{\"type\":\"headline\",\"props\":{\"content\":\"Serveis <strong>extra<\\\/strong>\",\"margin\":\"small\",\"text_align\":\"center\",\"title_element\":\"h1\",\"title_style\":\"h2\"}},{\"type\":\"text\",\"props\":{\"block_align\":\"center\",\"column_breakpoint\":\"m\",\"content\":\"\n\n<p>En els nostres projectes de cases prefabricades no incloem el muntatge de la cuina, per\\u00f2 tenim a la teva disposici\\u00f3 els nostres professionals per oferir-te el servei d'acord amb el pressupost disponible destinat a fer-ho. A banda, constru\\u00efm piscines, instal\\u00b7lem plaques fotovoltaiques, murs i tanques, pavimentaci\\u00f3 i jardineria.<\\\/p>\",\"margin\":\"small\",\"maxwidth\":\"2xlarge\",\"text_align\":\"center\"}}]}]}],\"name\":\"Introducci\\u00f3\"},{\"type\":\"section\",\"props\":{\"image_position\":\"center-center\",\"padding_remove_top\":true,\"style\":\"default\",\"title_breakpoint\":\"xl\",\"title_position\":\"top-left\",\"title_rotation\":\"left\",\"vertical_align\":\"middle\",\"width\":\"default\"},\"children\":[{\"type\":\"row\",\"children\":[{\"type\":\"column\",\"props\":{\"image_position\":\"center-center\",\"position_sticky_breakpoint\":\"m\"},\"children\":[{\"name\":\"Grid Panel Style Card\",\"type\":\"grid\",\"children\":[{\"type\":\"grid_item\",\"props\":{\"content\":\"\n\n<p>Servei d'arquitectura per a l'elaboraci\\u00f3 de tota mena de projectes per sol\\u00b7licitar la llic\\u00e8ncia municipal d'obres.<\\\/p>\",\"image\":\"wp-content\\\/uploads\\\/2024\\\/08\\\/diseno-del-proyecto.webp\",\"meta\":\"Servei d'arquitectura\",\"title\":\"Arquitectes\"}},{\"type\":\"grid_item\",\"props\":{\"content\":\"\n\n<p>Els nostres professionals podran dissenyar, fabricar i muntar la cuina amb un disseny modern i actual. Tamb\\u00e9 us ajudem a equipar-la amb electrodom\\u00e8stics d'alta qualitat i amb efici\\u00e8ncia energ\\u00e8tica.<\\\/p>\",\"image\":\"wp-content\\\/uploads\\\/2024\\\/08\\\/cocinas-modernas.webp\",\"meta\":\"Totalment a mida\",\"title\":\"Cuines\"}},{\"type\":\"grid_item\",\"props\":{\"content\":\"\n\n<p>Disposem de servei addicional d'interiorisme per ajudar-te a decorar casa teva amb un disseny modern i actual, sempre respectant les teves idees.<\\\/p>\",\"image\":\"wp-content\\\/uploads\\\/2024\\\/08\\\/interiorismo.webp\",\"meta\":\"Decorem casa teva\",\"title\":\"Interiorisme\"}},{\"type\":\"grid_item\",\"props\":{\"content\":\"\n\n<p>Et posem en contacte amb els nostres professionals de confian\\u00e7a perqu\\u00e8 puguis dissenyar l'exterior de casa teva que sempre has volgut.<\\\/p>\",\"image\":\"wp-content\\\/uploads\\\/2024\\\/08\\\/exteriores.webp\",\"meta\":\"Disseny de l'exterior\",\"title\":\"Exteriors\"}},{\"type\":\"grid_item\",\"props\":{\"content\":\"\n\n<p>Constru\\u00efm murs per a la fa\\u00e7ana principal de casa teva, i tamb\\u00e9, i la resta de tanques perimetrals de tota la parcel\\u00b7la. Instal\\u00b7lem tot tipus de tanques.<\\\/p>\",\"image\":\"wp-content\\\/uploads\\\/2024\\\/09\\\/muros-y-vallas.webp\",\"meta\":\"Tancament de la teva parcel\\u00b7la\",\"title\":\"Murs i tanques\"}},{\"type\":\"grid_item\",\"props\":{\"content\":\"\n\n<p>Pavimentem espais a la teva parcel\\u00b7la, com seria, una rampa d'acc\\u00e9s per a cotxes, p\\u00e0rquing i exteriors.<\\\/p>\",\"image\":\"wp-content\\\/uploads\\\/2024\\\/09\\\/pavimentacion-exteriores.webp\",\"meta\":\"Rampes, p\\u00e0rquings i exteriors\",\"title\":\"Pavimentaci\\u00f3\"}},{\"type\":\"grid_item\",\"props\":{\"content\":\"\n\n<p>Servei de jardineria per arreglar tota la parcel\\u00b7la amb un bonic i elegant jard\\u00ed per gaudir amb la teva fam\\u00edlia. Ens adaptem a tots els pressupostos.<\\\/p>\",\"image\":\"wp-content\\\/uploads\\\/2024\\\/09\\\/jardineria.webp\",\"meta\":\"Paisatgisme per casa teva\",\"title\":\"Jardineria\"}},{\"type\":\"grid_item\",\"props\":{\"content\":\"\n\n<p>Instal\\u00b7la amb nosaltres les teves plaques fotovoltaiques. Reduir\\u00e0s considerablement les factures en costos energ\\u00e8tics, i a m\\u00e9s tamb\\u00e9 reduir\\u00e0s la teva petjada de carboni.<\\\/p>\",\"image\":\"wp-content\\\/uploads\\\/2024\\\/08\\\/instalacion-placas-fotovoltaicas.webp\",\"meta\":\"Redueix costos denergia\",\"title\":\"Plaques fotovoltaiques\"}},{\"type\":\"grid_item\",\"props\":{\"content\":\"\n\n<p>Vols fer realitat el teu somni de tenir una piscina privada a casa teva? Nosaltres ho podem fer! Els nostres professionals us poden assessorar i aconsellar que s'adapta millor a les vostres necessitats.<\\\/p>\",\"image\":\"wp-content\\\/uploads\\\/2024\\\/08\\\/construccion-piscinas.webp\",\"meta\":\"Obra i Prefabricades\",\"title\":\"Piscines\"}}],\"props\":{\"content_column_breakpoint\":\"m\",\"content_margin\":\"small\",\"filter_align\":\"left\",\"filter_all\":true,\"filter_grid_breakpoint\":\"m\",\"filter_grid_width\":\"auto\",\"filter_position\":\"top\",\"filter_style\":\"tab\",\"grid_column_align\":true,\"grid_default\":\"1\",\"grid_medium\":\"3\",\"grid_small\":\"2\",\"icon_width\":80,\"image_align\":\"top\",\"image_grid_breakpoint\":\"m\",\"image_grid_width\":\"1-2\",\"image_height\":\"620\",\"image_link\":true,\"image_svg_color\":\"emphasis\",\"image_width\":\"920\",\"item_animation\":true,\"link_style\":\"primary\",\"link_target\":true,\"link_text\":\"\",\"margin\":\"remove-vertical\",\"meta_align\":\"below-title\",\"meta_element\":\"div\",\"meta_margin\":\"small\",\"meta_style\":\"text-meta\",\"panel_image_no_padding\":true,\"panel_link\":false,\"panel_padding\":\"default\",\"panel_style\":\"tile-muted\",\"parallax_easing\":\"1\",\"show_content\":true,\"show_image\":true,\"show_link\":true,\"show_meta\":true,\"show_title\":true,\"title_align\":\"top\",\"title_element\":\"h2\",\"title_grid_breakpoint\":\"m\",\"title_grid_width\":\"1-2\",\"title_hover_style\":\"reset\",\"title_link\":true,\"title_margin\":\"small\",\"title_style\":\"h3\"}}]}]}],\"name\":\"Serveis\"}],\"version\":\"4.4.16\"} --><\/p>\n","protected":false},"excerpt":{"rendered":"<p>Serveis extra En els nostres projectes de cases prefabricades no incloem el muntatge de la cuina, per\u00f2 tenim a la teva disposici\u00f3 els nostres professionals per oferir-te el servei d&#8217;acord amb el pressupost disponible destinat a fer-ho. A banda, constru\u00efm piscines, instal\u00b7lem plaques fotovoltaiques, murs i tanques, pavimentaci\u00f3 i jardineria. Arquitectes Servei d&#8217;arquitectura Servei d&#8217;arquitectura [&hellip;]<\/p>\n","protected":false},"author":1,"featured_media":0,"parent":0,"menu_order":0,"comment_status":"closed","ping_status":"closed","template":"","meta":{"footnotes":""},"class_list":["post-5750","page","type-page","status-publish","hentry"],"_links":{"self":[{"href":"https:\/\/amprefabricadas.com\/ca\/wp-json\/wp\/v2\/pages\/5750","targetHints":{"allow":["GET"]}}],"collection":[{"href":"https:\/\/amprefabricadas.com\/ca\/wp-json\/wp\/v2\/pages"}],"about":[{"href":"https:\/\/amprefabricadas.com\/ca\/wp-json\/wp\/v2\/types\/page"}],"author":[{"embeddable":true,"href":"https:\/\/amprefabricadas.com\/ca\/wp-json\/wp\/v2\/users\/1"}],"replies":[{"embeddable":true,"href":"https:\/\/amprefabricadas.com\/ca\/wp-json\/wp\/v2\/comments?post=5750"}],"version-history":[{"count":0,"href":"https:\/\/amprefabricadas.com\/ca\/wp-json\/wp\/v2\/pages\/5750\/revisions"}],"wp:attachment":[{"href":"https:\/\/amprefabricadas.com\/ca\/wp-json\/wp\/v2\/media?parent=5750"}],"curies":[{"name":"wp","href":"https:\/\/api.w.org\/{rel}","templated":true}]}}