{"id":5720,"date":"2024-12-17T23:10:36","date_gmt":"2024-12-17T22:10:36","guid":{"rendered":"https:\/?page_id=5720"},"modified":"2026-02-06T13:12:04","modified_gmt":"2026-02-06T12:12:04","slug":"politica-de-privadesa","status":"publish","type":"page","link":"https:\/\/amprefabricadas.com\/ca\/politica-de-privadesa\/","title":{"rendered":"Pol\u00edtica de privadesa"},"content":{"rendered":"<h1>Pol\u00edtica de privadesa<\/h1>\n<div>\n<p><strong>1- Responsabilitat:<\/strong><\/p>\n<\/div>\n<div>\n<p><strong>TITULAR:<\/strong> ALEXANDRA PA\u00d1OS ALCAL\u00c1<\/p>\n<p><strong>DNI:<\/strong> 47790052P<\/p>\n<p><strong>NOM COMERCIAL:<\/strong> AM PREFABRICADAS<\/p>\n<p><strong>ADRE\u00c7A:<\/strong> C\/ Perdiu, 3, Oficina 2 &#8211; 08480 L&#8217;Ametlla del Vall\u00e8s (Barcelona)<\/p>\n<p><strong>CONTACTE:<\/strong> <a href=\"tel:+34930485120\">+34 930 485 120<\/a><\/p>\n<p><strong>EMAIL:<\/strong> <a href=\"mailto:info@amprefabricadas.com\">info@amprefabricadas.com<\/a><\/p>\n<p><strong>P\u00c0GINA WEB OFICIAL:<\/strong> <a href=\"https:\/\/amprefabricadas.com\/ca\/\">https:\/\/amprefabricadas.com\/ca\/<\/a><\/p>\n<\/div>\n<div>\n<p><strong>2- Proced\u00e8ncia, finalitat i destinataris:<\/strong><\/p>\n<\/div>\n<div>\n<p><strong>Dades personals del sol\u00b7licitant:<\/strong><\/p>\n<p>S&#8217;hauran de facilitar les dades personals quan se sol\u00b7liciti informaci\u00f3 a trav\u00e9s del nostre email. Les dades personals s\u00f3n proporcionades directament pels mateixos interessats amb la finalitat de gestionar la sol\u00b7licitud d&#8217;informaci\u00f3. Podem recollir les dades personals, identificatives i de contacte. Finalment, s&#8217;enviar\u00e0 la informaci\u00f3 a trav\u00e9s de mitjans electr\u00f2nics sobre les activitats futures que dugui a terme l&#8217;empresa per a aquells interessats que, degudament informats durant la recollida de dades, no s&#8217;hi oposin.<\/p>\n<p><strong>Sol\u00b7licitants d&#8217;informaci\u00f3:<\/strong><\/p>\n<p>Les dades personals procedeixen del mateix interessat, el qual ens les proporciona a l&#8217;enviament de l&#8217;email sol\u00b7licitant informaci\u00f3, en trucar-nos per tel\u00e8fon o a partir de consultes a les xarxes socials on t\u00e9 pres\u00e8ncia l&#8217;empresa. Aquestes dades s&#8217;utilitzen amb la finalitat de resoldre les consultes i proporcionar informaci\u00f3 de car\u00e0cter comercial a aquells que ho sol\u00b7licitin o ho autoritzin expressament, principalment per mitj\u00e0 de correu electr\u00f2nic.<\/p>\n<\/div>\n<div>\n<p><strong>3- Legitimaci\u00f3 i conservaci\u00f3:<\/strong><\/p>\n<\/div>\n<div>\n<p><strong>La legitimaci\u00f3:<\/strong><\/p>\n<p>En primer lloc, podem tractar les dades per qu\u00e8 els mateixos interessats o els seus responsables ens les proporcionen per gestionar el seu registre com a usuari a la p\u00e0gina web. Tamb\u00e9 demanem perm\u00eds a aquestes persones per al tractament de les vostres dades, per als casos en qu\u00e8 la legislaci\u00f3 vigent aix\u00ed ens ho exigeix, principalment en relaci\u00f3 amb l&#8217;enviament de correus electr\u00f2nics comercials. Finalment, de vegades alguna llei ens demana que presentem i conservem determinada documentaci\u00f3 on poden apar\u00e8ixer dades personals dels nostres clients, com pot ser la llei general tribut\u00e0ria, de manera que haurem de tractar aquestes dades en el seu compliment.<\/p>\n<p><strong>La conservaci\u00f3:<\/strong><\/p>\n<p>Un cop les dades no siguin necess\u00e0ries per al que van ser recollides, es conservaran a disposici\u00f3 de les administracions p\u00fabliques competents, jutges i tribunals durant els terminis legals de conservaci\u00f3, \u00e9s a dir, mentre una llei ens pugui exigir que les presentem. Expirats aquests terminis es mantindran bloquejats fins que sigui possible la posterior destrucci\u00f3 o supressi\u00f3.<\/p>\n<\/div>\n<div>\n<p><strong>4- Destinataris:<\/strong><\/p>\n<\/div>\n<div>\n<p>Cedim les dades personals a tercers, comptem amb prove\u00efdors que ens presten els serveis de c\u00e0rrega, desc\u00e0rrega, transport i muntatge per als serveis que oferim.<\/p>\n<\/div>\n<div>\n<p><strong>5- Consentiment:<\/strong><\/p>\n<\/div>\n<div>\n<p>El consentiment per als tractaments seg\u00fcents es recull de manera lliure, espec\u00edfica, informada i inequ\u00edvoca a partir de correu electr\u00f2nic. A m\u00e9s, si vost\u00e8 no desitja rebre comunicacions per email, es pot oposar de forma senzilla als mateixos emails.<\/p>\n<\/div>\n<div>\n<p><strong>6- Drets:<\/strong><\/p>\n<\/div>\n<div>\n<p>Vost\u00e8 podr\u00e0 retirar el seu consentiment o exercir els seus drets de:<\/p>\n<p>\u00b7 <strong>ACC\u00c9S O CONEIXEMENT<\/strong> de quines s\u00f3n les dades que tractem de vost\u00e8.<\/p>\n<p>\u00b7 <strong>RECTIFICACI\u00d3 O CORRECCI\u00d3<\/strong> de dades personals incorrectes o inexactes.<\/p>\n<p>\u00b7 <strong>SUPRESSI\u00d3 O ELIMINACI\u00d3<\/strong> de les dades personals que tenim de vost\u00e8.<\/p>\n<p>\u00b7 <strong>OPOSICI\u00d3 O EL FET<\/strong> que deixem de tractar les vostres dades personals.<\/p>\n<p>\u00b7 <strong>LIMITACI\u00d3 O RESTRICCI\u00d3<\/strong> del tractament que realitzem.<\/p>\n<p>\u00b7 <strong>PORTABILITAT O EL FET<\/strong> que us proporcionem les vostres dades personals.<\/p>\n<p>Sobre les dades de car\u00e0cter personal, presentant una c\u00f2pia del Document Nacional d&#8217;Identificaci\u00f3 (DNI) i exposant breument el seu cas i el dret que vol exercir, mitjan\u00e7ant una carta adre\u00e7ada a:<\/p>\n<p><strong>ALEXANDRA PA\u00d1OS ALCAL\u00c1<\/strong><\/p>\n<p><strong>AM PREFABRICADAS<\/strong><\/p>\n<p><strong>C\/ Perdiu, 3, Oficina 2 &#8211; 08480 L&#8217;Ametlla del Vall\u00e8s (Barcelona)<\/strong><\/p>\n<p>o enviant un email a:<\/p>\n<p><strong><a href=\"mailto:info@amprefabricadas.com\">info@amprefabricadas.com<\/a><\/strong><\/p>\n<p>Podeu trobar m\u00e9s informaci\u00f3 sobre els vostres drets o presentar una reclamaci\u00f3 davant l&#8217;Autoritat de Control competent a l&#8217;Ag\u00e8ncia Espanyola de Protecci\u00f3 de Dades:<\/p>\n<p><a href=\"https:\/\/www.agpd.es\/\" target=\"_blank\" rel=\"noopener\">https:\/\/www.agpd.es\/<\/a><\/p>\n<p>C\/ Jorge Juan, 6; 28001 Madrid (Madrid)<\/p>\n<p>Tel\u00e8fon de contacte: <a href=\"tel:+34901100099\">+34 901 10 00 99<\/a> &#8211; <a href=\"tel:+34912663517\">+34 912 66 35 17<\/a><\/p>\n<\/div>\n<p><!--more--><br \/>\n<!-- {\"type\":\"layout\",\"children\":[{\"type\":\"section\",\"props\":{\"image_position\":\"center-center\",\"style\":\"default\",\"title_breakpoint\":\"xl\",\"title_position\":\"top-left\",\"title_rotation\":\"left\",\"vertical_align\":\"middle\",\"width\":\"default\"},\"children\":[{\"type\":\"row\",\"children\":[{\"type\":\"column\",\"props\":{\"image_position\":\"center-center\",\"position_sticky_breakpoint\":\"m\"},\"children\":[{\"type\":\"headline\",\"props\":{\"content\":\"Pol\u00edtica de privadesa\",\"image_align\":\"left\",\"image_margin\":\"xsmall\",\"text_align\":\"center\",\"title_element\":\"h1\",\"title_style\":\"h2\"}},{\"type\":\"text\",\"props\":{\"column_breakpoint\":\"m\",\"content\":\"\n\n<p><strong>1- Responsabilitat:<\/strong><\/p>\n\n\",\"margin_bottom\":\"default\",\"margin_top\":\"default\",\"text_style\":\"lead\"}},{\"type\":\"text\",\"props\":{\"column_breakpoint\":\"m\",\"content\":\"\n\n<p><strong>TITULAR:<\/strong> ALEXANDRA PA\u00d1OS ALCAL\u00c1<\/p>\n\n\\n\n\n<p><strong>DNI:<\/strong> 47790052P<\/p>\n\n\\n\n\n<p><strong>NOM COMERCIAL:<\/strong> AM PREFABRICADAS<\/p>\n\n\\n\n\n<p><strong>ADRE\u00c7A:<\/strong> C\/ Perdiu, 3, Oficina 2 - 08480 L'Ametlla del Vall\u00e8s (Barcelona)<\/p>\n\n\\n\n\n<p><strong>CONTACTE:<\/strong> <a href=\\\"tel:+34930485120\\\">+34 930 485 120<\/a><\/p>\n\n\\n\n\n<p><strong>EMAIL:<\/strong> <a href=\\\"mailto:info@amprefabricadas.com\\\">info@amprefabricadas.com<\/a><\/p>\n\n\\n\n\n<p><strong>P\u00c0GINA WEB OFICIAL:<\/strong> <a href=\\\"https:\/\/amprefabricadas.com\/ca\/\\\">https:\/\/amprefabricadas.com\/ca\/<\/a><\/p>\n\n\",\"margin_bottom\":\"default\",\"margin_top\":\"default\"}}]}]},{\"type\":\"row\",\"children\":[{\"type\":\"column\",\"props\":{\"image_position\":\"center-center\",\"position_sticky_breakpoint\":\"m\"},\"children\":[{\"type\":\"text\",\"props\":{\"column_breakpoint\":\"m\",\"content\":\"\n\n<p><strong>2- Proced\u00e8ncia, finalitat i destinataris:<\/strong><\/p>\n\n\",\"margin_bottom\":\"default\",\"margin_top\":\"default\",\"text_style\":\"lead\"}},{\"type\":\"text\",\"props\":{\"column_breakpoint\":\"m\",\"content\":\"\n\n<p><strong>Dades personals del sol\u00b7licitant:<\/strong><\/p>\n\n\\n\n\n<p>S'hauran de facilitar les dades personals quan se sol\u00b7liciti informaci\u00f3 a trav\u00e9s del nostre email. Les dades personals s\u00f3n proporcionades directament pels mateixos interessats amb la finalitat de gestionar la sol\u00b7licitud d'informaci\u00f3. Podem recollir les dades personals, identificatives i de contacte. Finalment, s'enviar\u00e0 la informaci\u00f3 a trav\u00e9s de mitjans electr\u00f2nics sobre les activitats futures que dugui a terme l'empresa per a aquells interessats que, degudament informats durant la recollida de dades, no s'hi oposin.<\/p>\n\n\\n\n\n<p><strong>Sol\u00b7licitants d'informaci\u00f3:<\/strong><\/p>\n\n\\n\n\n<p>Les dades personals procedeixen del mateix interessat, el qual ens les proporciona a l'enviament de l'email sol\u00b7licitant informaci\u00f3, en trucar-nos per tel\u00e8fon o a partir de consultes a les xarxes socials on t\u00e9 pres\u00e8ncia l'empresa. Aquestes dades s'utilitzen amb la finalitat de resoldre les consultes i proporcionar informaci\u00f3 de car\u00e0cter comercial a aquells que ho sol\u00b7licitin o ho autoritzin expressament, principalment per mitj\u00e0 de correu electr\u00f2nic.<\/p>\n\n\",\"margin_bottom\":\"default\",\"margin_top\":\"default\"}}]}]},{\"type\":\"row\",\"children\":[{\"type\":\"column\",\"props\":{\"image_position\":\"center-center\",\"position_sticky_breakpoint\":\"m\"},\"children\":[{\"type\":\"text\",\"props\":{\"column_breakpoint\":\"m\",\"content\":\"\n\n<p><strong>3- Legitimaci\u00f3 i conservaci\u00f3:<\/strong><\/p>\n\n\",\"margin_bottom\":\"default\",\"margin_top\":\"default\",\"text_style\":\"lead\"}},{\"type\":\"text\",\"props\":{\"column_breakpoint\":\"m\",\"content\":\"\n\n<p><strong>La legitimaci\u00f3:<\/strong><\/p>\n\n\\n\n\n<p>En primer lloc, podem tractar les dades per qu\u00e8 els mateixos interessats o els seus responsables ens les proporcionen per gestionar el seu registre com a usuari a la p\u00e0gina web. Tamb\u00e9 demanem perm\u00eds a aquestes persones per al tractament de les vostres dades, per als casos en qu\u00e8 la legislaci\u00f3 vigent aix\u00ed ens ho exigeix, principalment en relaci\u00f3 amb l'enviament de correus electr\u00f2nics comercials. Finalment, de vegades alguna llei ens demana que presentem i conservem determinada documentaci\u00f3 on poden apar\u00e8ixer dades personals dels nostres clients, com pot ser la llei general tribut\u00e0ria, de manera que haurem de tractar aquestes dades en el seu compliment.<\/p>\n\n\\n\n\n<p><strong>La conservaci\u00f3:<\/strong><\/p>\n\n\\n\n\n<p>Un cop les dades no siguin necess\u00e0ries per al que van ser recollides, es conservaran a disposici\u00f3 de les administracions p\u00fabliques competents, jutges i tribunals durant els terminis legals de conservaci\u00f3, \u00e9s a dir, mentre una llei ens pugui exigir que les presentem. Expirats aquests terminis es mantindran bloquejats fins que sigui possible la posterior destrucci\u00f3 o supressi\u00f3.<\/p>\n\n\",\"margin_bottom\":\"default\",\"margin_top\":\"default\"}}]}]},{\"type\":\"row\",\"children\":[{\"type\":\"column\",\"props\":{\"image_position\":\"center-center\",\"position_sticky_breakpoint\":\"m\"},\"children\":[{\"type\":\"text\",\"props\":{\"column_breakpoint\":\"m\",\"content\":\"\n\n<p><strong>4- Destinataris:<\/strong><\/p>\n\n\",\"margin_bottom\":\"default\",\"margin_top\":\"default\",\"text_style\":\"lead\"}},{\"type\":\"text\",\"props\":{\"column_breakpoint\":\"m\",\"content\":\"\n\n<p>Cedim les dades personals a tercers, comptem amb prove\u00efdors que ens presten els serveis de c\u00e0rrega, desc\u00e0rrega, transport i muntatge per als serveis que oferim.<\/p>\n\n\",\"margin_bottom\":\"default\",\"margin_top\":\"default\"}}]}]},{\"type\":\"row\",\"children\":[{\"type\":\"column\",\"props\":{\"image_position\":\"center-center\",\"position_sticky_breakpoint\":\"m\"},\"children\":[{\"type\":\"text\",\"props\":{\"column_breakpoint\":\"m\",\"content\":\"\n\n<p><strong>5- Consentiment:<\/strong><\/p>\n\n\",\"margin_bottom\":\"default\",\"margin_top\":\"default\",\"text_style\":\"lead\"}},{\"type\":\"text\",\"props\":{\"column_breakpoint\":\"m\",\"content\":\"\n\n<p>El consentiment per als tractaments seg\u00fcents es recull de manera lliure, espec\u00edfica, informada i inequ\u00edvoca a partir de correu electr\u00f2nic. A m\u00e9s, si vost\u00e8 no desitja rebre comunicacions per email, es pot oposar de forma senzilla als mateixos emails.<\/p>\n\n\",\"margin_bottom\":\"default\",\"margin_top\":\"default\"}}]}]},{\"type\":\"row\",\"children\":[{\"type\":\"column\",\"props\":{\"image_position\":\"center-center\",\"position_sticky_breakpoint\":\"m\"},\"children\":[{\"type\":\"text\",\"props\":{\"column_breakpoint\":\"m\",\"content\":\"\n\n<p><strong>6- Drets:<\/strong><\/p>\n\n\",\"margin_bottom\":\"default\",\"margin_top\":\"default\",\"text_style\":\"lead\"}},{\"type\":\"text\",\"props\":{\"column_breakpoint\":\"m\",\"content\":\"\n\n<p>Vost\u00e8 podr\u00e0 retirar el seu consentiment o exercir els seus drets de:<\/p>\n\n\\n\n\n<p>\u00b7 <strong>ACC\u00c9S O CONEIXEMENT<\/strong> de quines s\u00f3n les dades que tractem de vost\u00e8.<\/p>\n\n\\n\n\n<p>\u00b7 <strong>RECTIFICACI\u00d3 O CORRECCI\u00d3<\/strong> de dades personals incorrectes o inexactes.<\/p>\n\n\\n\n\n<p>\u00b7 <strong>SUPRESSI\u00d3 O ELIMINACI\u00d3<\/strong> de les dades personals que tenim de vost\u00e8.<\/p>\n\n\\n\n\n<p>\u00b7 <strong>OPOSICI\u00d3 O EL FET<\/strong> que deixem de tractar les vostres dades personals.<\/p>\n\n\\n\n\n<p>\u00b7 <strong>LIMITACI\u00d3 O RESTRICCI\u00d3<\/strong> del tractament que realitzem.<\/p>\n\n\\n\n\n<p>\u00b7 <strong>PORTABILITAT O EL FET<\/strong> que us proporcionem les vostres dades personals.<\/p>\n\n\\n\n\n<p>Sobre les dades de car\u00e0cter personal, presentant una c\u00f2pia del Document Nacional d'Identificaci\u00f3 (DNI) i exposant breument el seu cas i el dret que vol exercir, mitjan\u00e7ant una carta adre\u00e7ada a:<\/p>\n\n\\n\n\n<p><strong>ALEXANDRA PA\u00d1OS ALCAL\u00c1<\/strong><\/p>\n\n\\n\n\n<p><strong>AM PREFABRICADAS<\/strong><\/p>\n\n\\n\n\n<p><strong>C\/ Perdiu, 3, Oficina 2 - 08480 L'Ametlla del Vall\u00e8s (Barcelona)<\/strong><\/p>\n\n\\n\n\n<p>o enviant un email a:<\/p>\n\n\\n\n\n<p><strong><a href=\\\"mailto:info@amprefabricadas.com\\\">info@amprefabricadas.com<\/a><\/strong><\/p>\n\n\\n\n\n<p>Podeu trobar m\u00e9s informaci\u00f3 sobre els vostres drets o presentar una reclamaci\u00f3 davant l'Autoritat de Control competent a l'Ag\u00e8ncia Espanyola de Protecci\u00f3 de Dades:<\/p>\n\n\\n\n\n<p><a href=\\\"https:\/\/www.agpd.es\/\\\">https:\/\/www.agpd.es\/<\/a><\/p>\n\n\\n\n\n<p>C\/ Jorge Juan, 6; 28001 Madrid (Madrid)<\/p>\n\n\\n\n\n<p>Tel\u00e8fon de contacte: <a href=\\\"tel:+34901100099\\\">+34 901 10 00 99<\/a> - <a href=\\\"tel:+34912663517\\\">+34 912 66 35 17<\/a><\/p>\n\n\",\"margin_bottom\":\"default\",\"margin_top\":\"default\"}}]}]}],\"name\":\"Contingut\"}],\"version\":\"5.0.10\"} --><\/p>\n","protected":false},"excerpt":{"rendered":"<p>Pol\u00edtica de privadesa 1- Responsabilitat: TITULAR: ALEXANDRA PA\u00d1OS ALCAL\u00c1 DNI: 47790052P NOM COMERCIAL: AM PREFABRICADAS ADRE\u00c7A: C\/ Perdiu, 3, Oficina 2 &#8211; 08480 L&#8217;Ametlla del Vall\u00e8s (Barcelona) CONTACTE: +34 930 485 120 EMAIL: info@amprefabricadas.com P\u00c0GINA WEB OFICIAL: https:\/\/amprefabricadas.com\/ca\/ 2- Proced\u00e8ncia, finalitat i destinataris: Dades personals del sol\u00b7licitant: S&#8217;hauran de facilitar les dades personals quan se [&hellip;]<\/p>\n","protected":false},"author":1,"featured_media":0,"parent":0,"menu_order":0,"comment_status":"closed","ping_status":"closed","template":"","meta":{"footnotes":""},"class_list":["post-5720","page","type-page","status-publish","hentry"],"_links":{"self":[{"href":"https:\/\/amprefabricadas.com\/ca\/wp-json\/wp\/v2\/pages\/5720","targetHints":{"allow":["GET"]}}],"collection":[{"href":"https:\/\/amprefabricadas.com\/ca\/wp-json\/wp\/v2\/pages"}],"about":[{"href":"https:\/\/amprefabricadas.com\/ca\/wp-json\/wp\/v2\/types\/page"}],"author":[{"embeddable":true,"href":"https:\/\/amprefabricadas.com\/ca\/wp-json\/wp\/v2\/users\/1"}],"replies":[{"embeddable":true,"href":"https:\/\/amprefabricadas.com\/ca\/wp-json\/wp\/v2\/comments?post=5720"}],"version-history":[{"count":2,"href":"https:\/\/amprefabricadas.com\/ca\/wp-json\/wp\/v2\/pages\/5720\/revisions"}],"predecessor-version":[{"id":9003,"href":"https:\/\/amprefabricadas.com\/ca\/wp-json\/wp\/v2\/pages\/5720\/revisions\/9003"}],"wp:attachment":[{"href":"https:\/\/amprefabricadas.com\/ca\/wp-json\/wp\/v2\/media?parent=5720"}],"curies":[{"name":"wp","href":"https:\/\/api.w.org\/{rel}","templated":true}]}}