{"id":5695,"date":"2024-12-17T22:47:32","date_gmt":"2024-12-17T21:47:32","guid":{"rendered":"https:\/?page_id=5695"},"modified":"2026-02-25T19:14:15","modified_gmt":"2026-02-25T18:14:15","slug":"cases-modulars-prefabricades-a-barcelona","status":"publish","type":"page","link":"https:\/\/amprefabricadas.com\/ca\/cases-modulars-prefabricades-a-barcelona\/","title":{"rendered":"Modulars"},"content":{"rendered":"<p><img decoding=\"async\" src=\"\/wp-content\/uploads\/2024\/09\/casas-modulares.webp\" alt=\"\"><\/p>\n<h1><strong>Cases modulars<\/strong> prefabricades a Barcelona<\/h1>\n<div>\n<p>A <strong>AM Prefabricadas<\/strong> dissenyem i constru\u00efm <strong>cases modulars prefabricades<\/strong> a Barcelona amb materials d\u2019\u00faltima generaci\u00f3 com l\u2019entramat lleuger de fusta i el formig\u00f3 cel\u00b7lular <strong><span class=\"text-ytong\">YTONG<sup>\u00ae<\/sup><\/span><\/strong>. Els nostres habitatges destaquen pel seu disseny modern, efici\u00e8ncia energ\u00e8tica i flexibilitat, ja que poden desmuntar-se i traslladar-se f\u00e0cilment a una altra parcel\u00b7la.<\/p>\n<p>Totes les nostres cases assoleixen la <strong>qualificaci\u00f3 energ\u00e8tica A<\/strong>, garantint un consum m\u00ednim i un m\u00e0xim confort durant tot l\u2019any. Apostem per la sostenibilitat i la qualitat constructiva, oferint habitatges preparats per al futur amb baix manteniment i alt rendiment t\u00e8rmic.<\/p>\n<\/div>\n<p><img decoding=\"async\" src=\"\/wp-content\/uploads\/2025\/01\/casa-modular-veronica55-1.webp\" alt=\"\"><\/p>\n<h2>Casa modular <strong>Ver\u00f2nica 55<\/strong> a Barcelona<\/h2>\n<div>\n<p><strong>96.800,00 \u20ac<\/strong> <span class=\"text-iva\">+ IVA<\/span><\/p>\n<\/div>\n<div>\n<p>1.760,00 \u20ac \/ m\u00b2<\/p>\n<\/div>\n<div>\n<p>*Preu acabats parcials sense IVA<\/p>\n<\/div>\n<div>\n<p><strong>Disponible en formig\u00f3 cel\u00b7lular <span class=\"text-ytong\">YTONG<sup>\u00ae<\/sup><\/span><\/strong><\/p>\n<p>Aquesta casa modular de 55 m\u00b2 ofereix un disseny modern i funcional en una sola planta. La seva distribuci\u00f3 optimitza l\u2019espai amb un sal\u00f3-menjador obert i llumin\u00f3s gr\u00e0cies als seus amplis finestrals.<\/p>\n<p><strong>Ver\u00f2nica 55<\/strong> \u00e9s ideal com a habitatge habitual, segona resid\u00e8ncia o casa de vacances a Barcelona, combinant confort, efici\u00e8ncia energ\u00e8tica i sostenibilitat en un format compacte.<\/p>\n<\/div>\n<ul>\n<li>\n<p>        <img decoding=\"async\" src=\"\/wp-content\/uploads\/2024\/08\/plantas.webp\" alt=\"\"><\/p>\n<h3>Plantes<\/h3>\n<div>\n<p>1<\/p>\n<\/div>\n<\/li>\n<li>\n<p>        <img decoding=\"async\" src=\"\/wp-content\/uploads\/2024\/07\/habitaciones-3.webp\" alt=\"\"><\/p>\n<h3>Habs<\/h3>\n<div>\n<p>1<\/p>\n<\/div>\n<\/li>\n<li>\n<p>        <img decoding=\"async\" src=\"\/wp-content\/uploads\/2024\/07\/banos-3.webp\" alt=\"\"><\/p>\n<h3>Banys<\/h3>\n<div>\n<p>1<\/p>\n<\/div>\n<\/li>\n<li>\n<p>        <img decoding=\"async\" src=\"\/wp-content\/uploads\/2024\/07\/cubo-3.webp\" alt=\"\"><\/p>\n<h3>Ocup<\/h3>\n<div>\n<p>55<\/p>\n<\/div>\n<\/li>\n<\/ul>\n<p><p>\n        <a href=\"\/ca\/modulars\/veronica-55\/\">Veure model<\/a>\n    <\/p>\n<\/p>\n<p><img decoding=\"async\" src=\"\/wp-content\/uploads\/2024\/11\/casa-modular-francesca81-3.webp\" alt=\"\"><\/p>\n<h2>Habitatge modular <strong>Francesca 81<\/strong> d&#8217;una planta<\/h2>\n<div>\n<p><strong>142.800,00 \u20ac<\/strong> <span class=\"text-iva\">+ IVA<\/span><\/p>\n<\/div>\n<div>\n<p>1.741,46 \u20ac \/ m\u00b2<\/p>\n<\/div>\n<div>\n<p>*Preu acabats parcials sense IVA<\/p>\n<\/div>\n<div>\n<p><strong>Disponible en formig\u00f3 cel\u00b7lular <span class=\"text-ytong\">YTONG<sup>\u00ae<\/sup><\/span><\/strong><\/p>\n<p>La casa modular <strong>Francesca 81<\/strong> est\u00e0 dissenyada per aprofitar cada rac\u00f3 sense perdre espai en passadissos. Distribu\u00efda en una sola planta, ofereix un habitatge c\u00f2mode i funcional.<\/p>\n<p>Compta amb un ampli sal\u00f3-menjador obert amb grans finestrals al jard\u00ed, dos dormitoris i dos banys. \u00c9s una opci\u00f3 ideal com a habitatge habitual a Barcelona, combinant efici\u00e8ncia energ\u00e8tica, disseny modern i confort.<\/p>\n<\/div>\n<ul>\n<li>\n<p>        <img decoding=\"async\" src=\"\/wp-content\/uploads\/2024\/08\/plantas.webp\" alt=\"\"><\/p>\n<h3>Plantes<\/h3>\n<div>\n<p>1<\/p>\n<\/div>\n<\/li>\n<li>\n<p>        <img decoding=\"async\" src=\"\/wp-content\/uploads\/2024\/07\/habitaciones-3.webp\" alt=\"\"><\/p>\n<h3>Habs<\/h3>\n<div>\n<p>2<\/p>\n<\/div>\n<\/li>\n<li>\n<p>        <img decoding=\"async\" src=\"\/wp-content\/uploads\/2024\/07\/banos-3.webp\" alt=\"\"><\/p>\n<h3>Banys<\/h3>\n<div>\n<p>2<\/p>\n<\/div>\n<\/li>\n<li>\n<p>        <img decoding=\"async\" src=\"\/wp-content\/uploads\/2024\/07\/cubo-3.webp\" alt=\"\"><\/p>\n<h3>Ocup<\/h3>\n<div>\n<p>81<\/p>\n<\/div>\n<\/li>\n<\/ul>\n<p><p>\n        <a href=\"\/ca\/modulars\/francesca-81\/\">Veure model<\/a>\n    <\/p>\n<\/p>\n<p><img decoding=\"async\" src=\"\/wp-content\/uploads\/2025\/01\/casa-modular-alexandra90-1.webp\" alt=\"\"><\/p>\n<h2>Casa prefabricada <strong>Alexandra 90<\/strong> per a fam\u00edlies<\/h2>\n<div>\n<p><strong>156.800,00 \u20ac<\/strong> <span class=\"text-iva\">+ IVA<\/span><\/p>\n<\/div>\n<div>\n<p>1.742,22 \u20ac \/ m\u00b2<\/p>\n<\/div>\n<div>\n<p>*Preu acabats parcials sense IVA<\/p>\n<\/div>\n<div>\n<p><strong>Disponible en formig\u00f3 cel\u00b7lular <span class=\"text-ytong\">YTONG<sup>\u00ae<\/sup><\/span><\/strong><\/p>\n<p>La casa modular <strong>Alexandra 90<\/strong> est\u00e0 dissenyada per aprofitar cada espai sense passadissos innecessaris. Distribu\u00efda en una sola planta, ofereix un habitatge c\u00f2mode i funcional ideal per a fam\u00edlies.<\/p>\n<p>Compta amb un sal\u00f3-menjador obert i llumin\u00f3s amb grans finestrals al jard\u00ed, tres dormitoris i dos banys. Combina disseny modern, efici\u00e8ncia energ\u00e8tica i confort en un format pr\u00e0ctic i equilibrat.<\/p>\n<\/div>\n<ul>\n<li>\n<p>        <img decoding=\"async\" src=\"\/wp-content\/uploads\/2024\/08\/plantas.webp\" alt=\"\"><\/p>\n<h3>Plantes<\/h3>\n<div>\n<p>1<\/p>\n<\/div>\n<\/li>\n<li>\n<p>        <img decoding=\"async\" src=\"\/wp-content\/uploads\/2024\/07\/habitaciones-3.webp\" alt=\"\"><\/p>\n<h3>Habs<\/h3>\n<div>\n<p>3<\/p>\n<\/div>\n<\/li>\n<li>\n<p>        <img decoding=\"async\" src=\"\/wp-content\/uploads\/2024\/07\/banos-3.webp\" alt=\"\"><\/p>\n<h3>Banys<\/h3>\n<div>\n<p>2<\/p>\n<\/div>\n<\/li>\n<li>\n<p>        <img decoding=\"async\" src=\"\/wp-content\/uploads\/2024\/07\/cubo-3.webp\" alt=\"\"><\/p>\n<h3>Ocup<\/h3>\n<div>\n<p>90<\/p>\n<\/div>\n<\/li>\n<\/ul>\n<p><p>\n        <a href=\"\/ca\/modulars\/alexandra-90\/\">Veure model<\/a>\n    <\/p>\n<\/p>\n<p><!--more--><br \/>\n<!-- {\"type\":\"layout\",\"children\":[{\"type\":\"section\",\"props\":{\"image_position\":\"center-center\",\"style\":\"default\",\"title_breakpoint\":\"xl\",\"title_position\":\"top-left\",\"title_rotation\":\"left\",\"vertical_align\":\"middle\",\"width\":\"default\"},\"children\":[{\"type\":\"row\",\"children\":[{\"type\":\"column\",\"props\":{\"image_position\":\"center-center\",\"position_sticky_breakpoint\":\"m\"},\"children\":[{\"type\":\"image\",\"props\":{\"image\":\"wp-content\/uploads\/2024\/09\/casas-modulares.webp\",\"image_svg_color\":\"emphasis\",\"image_width\":80,\"margin_bottom\":\"small\",\"margin_top\":\"small\",\"text_align\":\"center\"}},{\"type\":\"headline\",\"props\":{\"content\":\"<strong>Cases modulars<\/strong> prefabricades a Barcelona\",\"image_align\":\"left\",\"image_margin\":\"xsmall\",\"margin_bottom\":\"small\",\"margin_top\":\"small\",\"text_align\":\"center\",\"title_element\":\"h1\",\"title_style\":\"h2\"}},{\"type\":\"text\",\"props\":{\"block_align\":\"center\",\"column_breakpoint\":\"m\",\"content\":\"\n\n<p>A <strong>AM Prefabricadas<\/strong> dissenyem i constru\u00efm <strong>cases modulars prefabricades<\/strong> a Barcelona amb materials d\u2019\u00faltima generaci\u00f3 com l\u2019entramat lleuger de fusta i el formig\u00f3 cel\u00b7lular <strong><span class=\\\"text-ytong\\\">YTONG<sup>\u00ae<\/sup><\/span><\/strong>. Els nostres habitatges destaquen pel seu disseny modern, efici\u00e8ncia energ\u00e8tica i flexibilitat, ja que poden desmuntar-se i traslladar-se f\u00e0cilment a una altra parcel\u00b7la.<\/p>\n\n\\n\n\n<p>Totes les nostres cases assoleixen la <strong>qualificaci\u00f3 energ\u00e8tica A<\/strong>, garantint un consum m\u00ednim i un m\u00e0xim confort durant tot l\u2019any. Apostem per la sostenibilitat i la qualitat constructiva, oferint habitatges preparats per al futur amb baix manteniment i alt rendiment t\u00e8rmic.<\/p>\n\n\",\"margin_bottom\":\"small\",\"margin_top\":\"small\",\"maxwidth\":\"2xlarge\",\"text_align\":\"center\"}}]}]}],\"name\":\"Introducci\u00f3\"},{\"type\":\"section\",\"props\":{\"image_position\":\"center-center\",\"padding_top\":\"none\",\"style\":\"default\",\"title_breakpoint\":\"xl\",\"title_position\":\"top-left\",\"title_rotation\":\"left\",\"vertical_align\":\"middle\",\"width\":\"large\"},\"children\":[{\"type\":\"row\",\"props\":{\"column_gap\":\"collapse\",\"layout\":\"1-2,1-2\",\"row_gap\":\"collapse\"},\"children\":[{\"type\":\"column\",\"props\":{\"image_position\":\"center-center\",\"position_sticky_breakpoint\":\"m\",\"vertical_align\":\"middle\",\"width_medium\":\"1-2\"},\"children\":[{\"type\":\"image\",\"props\":{\"image\":\"wp-content\/uploads\/2025\/01\/casa-modular-veronica55-1.webp\",\"image_height\":800,\"image_svg_color\":\"emphasis\",\"image_width\":800,\"margin_bottom\":\"default\",\"margin_top\":\"default\"}}]},{\"type\":\"column\",\"props\":{\"image_position\":\"center-center\",\"padding\":\"xsmall\",\"position_sticky_breakpoint\":\"m\",\"style\":\"tile-muted\",\"vertical_align\":\"middle\",\"width_medium\":\"1-2\"},\"children\":[{\"type\":\"headline\",\"props\":{\"block_align\":\"center\",\"content\":\"Casa modular <strong>Ver\u00f2nica 55<\/strong> a Barcelona\",\"image_align\":\"left\",\"image_margin\":\"xsmall\",\"margin_bottom\":\"small\",\"margin_top\":\"small\",\"maxwidth\":\"xlarge\",\"title_element\":\"h2\",\"title_style\":\"h2\"}},{\"type\":\"text\",\"props\":{\"block_align\":\"center\",\"column_breakpoint\":\"m\",\"content\":\"\n\n<p><strong>96.800,00 \u20ac<\/strong> <span class=\\\"text-iva\\\">+ IVA<\/span><\/p>\n\n\",\"margin_bottom\":\"small\",\"margin_top\":\"small\",\"maxwidth\":\"xlarge\",\"text_style\":\"large\"}},{\"type\":\"text\",\"props\":{\"block_align\":\"center\",\"column_breakpoint\":\"m\",\"content\":\"\n\n<p>1.760,00 \u20ac \/ m\u00b2<\/p>\n\n\",\"margin_bottom\":\"small\",\"margin_top\":\"small\",\"maxwidth\":\"xlarge\"}},{\"type\":\"text\",\"props\":{\"block_align\":\"center\",\"column_breakpoint\":\"m\",\"content\":\"\n\n<p>*Preu acabats parcials sense IVA<\/p>\n\n\",\"margin_bottom\":\"default\",\"margin_top\":\"default\",\"maxwidth\":\"xlarge\",\"text_style\":\"small\"}},{\"type\":\"text\",\"props\":{\"block_align\":\"center\",\"column_breakpoint\":\"m\",\"content\":\"\n\n<p><strong>Disponible en formig\u00f3 cel\u00b7lular <span class=\\\"text-ytong\\\">YTONG<sup>\u00ae<\/sup><\/span><\/strong><\/p>\n\n\\n\n\n<p>Aquesta casa modular de 55 m\u00b2 ofereix un disseny modern i funcional en una sola planta. La seva distribuci\u00f3 optimitza l\u2019espai amb un sal\u00f3-menjador obert i llumin\u00f3s gr\u00e0cies als seus amplis finestrals.<\/p>\n\n\\n\n\n<p><strong>Ver\u00f2nica 55<\/strong> \u00e9s ideal com a habitatge habitual, segona resid\u00e8ncia o casa de vacances a Barcelona, combinant confort, efici\u00e8ncia energ\u00e8tica i sostenibilitat en un format compacte.<\/p>\n\n\",\"margin_bottom\":\"\",\"margin_top\":\"\",\"maxwidth\":\"xlarge\"}},{\"name\":\"Panel Slider Sets\",\"type\":\"panel-slider\",\"children\":[{\"type\":\"panel-slider_item\",\"props\":{\"content\":\"\n\n<p>1<\/p>\n\n\",\"image\":\"wp-content\/uploads\/2024\/08\/plantas.webp\",\"meta\":\"\",\"title\":\"Plantes\"}},{\"type\":\"panel-slider_item\",\"props\":{\"content\":\"\n\n<p>1<\/p>\n\n\",\"image\":\"wp-content\/uploads\/2024\/07\/habitaciones-3.webp\",\"meta\":\"\",\"title\":\"Habs\"}},{\"type\":\"panel-slider_item\",\"props\":{\"content\":\"\n\n<p>1<\/p>\n\n\",\"image\":\"wp-content\/uploads\/2024\/07\/banos-3.webp\",\"meta\":\"\",\"title\":\"Banys\"}},{\"type\":\"panel-slider_item\",\"props\":{\"content\":\"\n\n<p>55<\/p>\n\n\",\"image\":\"wp-content\/uploads\/2024\/07\/cubo-3.webp\",\"meta\":\"\",\"title\":\"Ocup\"}}],\"props\":{\"block_align\":\"center\",\"container_padding_remove\":true,\"content_column_breakpoint\":\"m\",\"content_margin\":\"small\",\"image_align\":\"top\",\"image_grid_breakpoint\":\"m\",\"image_grid_width\":\"1-2\",\"image_link\":false,\"image_svg_color\":\"emphasis\",\"image_width\":25,\"link_style\":\"text\",\"link_text\":\"\",\"margin_bottom\":\"default\",\"margin_top\":\"default\",\"maxwidth\":\"xlarge\",\"meta_align\":\"above-title\",\"meta_color\":\"primary\",\"meta_element\":\"div\",\"meta_margin\":\"small\",\"meta_style\":\"h6\",\"nav\":\"\",\"nav_align\":\"center\",\"nav_breakpoint\":\"s\",\"nav_margin\":\"medium\",\"panel_link\":false,\"panel_match\":true,\"show_content\":true,\"show_hover_image\":true,\"show_hover_video\":true,\"show_image\":true,\"show_link\":true,\"show_meta\":true,\"show_title\":true,\"show_video\":true,\"slidenav\":\"\",\"slidenav_breakpoint\":\"xl\",\"slidenav_hover\":false,\"slidenav_margin\":\"medium\",\"slidenav_outside_breakpoint\":\"xl\",\"slider_autoplay_pause\":true,\"slider_divider\":false,\"slider_gap\":\"medium\",\"slider_sets\":false,\"slider_width\":\"fixed\",\"slider_width_default\":\"1-4\",\"slider_width_medium\":\"1-5\",\"text_align\":\"center\",\"title_align\":\"top\",\"title_element\":\"h3\",\"title_grid_breakpoint\":\"m\",\"title_grid_width\":\"1-2\",\"title_hover_style\":\"heading\",\"title_link\":false,\"title_margin\":\"small\",\"title_style\":\"h6\"}},{\"type\":\"button\",\"props\":{\"block_align\":\"center\",\"button_size\":\"large\",\"fullwidth\":false,\"grid_column_gap\":\"small\",\"grid_row_gap\":\"small\",\"margin_bottom\":\"default\",\"margin_top\":\"default\",\"maxwidth\":\"xlarge\"},\"children\":[{\"type\":\"button_item\",\"props\":{\"button_style\":\"secondary\",\"content\":\"Veure model\",\"dialog_layout\":\"modal\",\"dialog_offcanvas_flip\":true,\"icon\":\"home\",\"icon_align\":\"left\",\"link\":\"ca\/modulars\/veronica-55\/\",\"link_title\":\"Veure model\"}}]}]}]}],\"name\":\"Ver\u00f2nica 55\"},{\"type\":\"section\",\"props\":{\"image_position\":\"center-center\",\"padding_top\":\"none\",\"style\":\"default\",\"title_breakpoint\":\"xl\",\"title_position\":\"top-left\",\"title_rotation\":\"left\",\"vertical_align\":\"middle\",\"width\":\"large\"},\"children\":[{\"type\":\"row\",\"props\":{\"column_gap\":\"collapse\",\"layout\":\"1-2,1-2\",\"row_gap\":\"collapse\"},\"children\":[{\"type\":\"column\",\"props\":{\"image_position\":\"center-center\",\"position_sticky_breakpoint\":\"m\",\"vertical_align\":\"middle\",\"width_medium\":\"1-2\"},\"children\":[{\"type\":\"image\",\"props\":{\"image\":\"wp-content\/uploads\/2024\/11\/casa-modular-francesca81-3.webp\",\"image_height\":800,\"image_svg_color\":\"emphasis\",\"image_width\":800,\"margin_bottom\":\"default\",\"margin_top\":\"default\"}}]},{\"type\":\"column\",\"props\":{\"image_position\":\"center-center\",\"padding\":\"xsmall\",\"position_sticky_breakpoint\":\"m\",\"style\":\"tile-muted\",\"vertical_align\":\"middle\",\"width_medium\":\"1-2\"},\"children\":[{\"type\":\"headline\",\"props\":{\"block_align\":\"center\",\"content\":\"Habitatge modular <strong>Francesca 81<\/strong> d'una planta\",\"image_align\":\"left\",\"image_margin\":\"xsmall\",\"margin_bottom\":\"small\",\"margin_top\":\"small\",\"maxwidth\":\"xlarge\",\"title_element\":\"h2\",\"title_style\":\"h2\"}},{\"type\":\"text\",\"props\":{\"block_align\":\"center\",\"column_breakpoint\":\"m\",\"content\":\"\n\n<p><strong>142.800,00 \u20ac<\/strong> <span class=\\\"text-iva\\\">+ IVA<\/span><\/p>\n\n\",\"margin_bottom\":\"small\",\"margin_top\":\"small\",\"maxwidth\":\"xlarge\",\"text_style\":\"large\"}},{\"type\":\"text\",\"props\":{\"block_align\":\"center\",\"column_breakpoint\":\"m\",\"content\":\"\n\n<p>1.741,46 \u20ac \/ m\u00b2<\/p>\n\n\",\"margin_bottom\":\"small\",\"margin_top\":\"small\",\"maxwidth\":\"xlarge\"}},{\"type\":\"text\",\"props\":{\"block_align\":\"center\",\"column_breakpoint\":\"m\",\"content\":\"\n\n<p>*Preu acabats parcials sense IVA<\/p>\n\n\",\"margin_bottom\":\"default\",\"margin_top\":\"default\",\"maxwidth\":\"xlarge\",\"text_style\":\"small\"}},{\"type\":\"text\",\"props\":{\"block_align\":\"center\",\"column_breakpoint\":\"m\",\"content\":\"\n\n<p><strong>Disponible en formig\u00f3 cel\u00b7lular <span class=\\\"text-ytong\\\">YTONG<sup>\u00ae<\/sup><\/span><\/strong><\/p>\n\n\\n\n\n<p>La casa modular <strong>Francesca 81<\/strong> est\u00e0 dissenyada per aprofitar cada rac\u00f3 sense perdre espai en passadissos. Distribu\u00efda en una sola planta, ofereix un habitatge c\u00f2mode i funcional.<\/p>\n\n\\n\n\n<p>Compta amb un ampli sal\u00f3-menjador obert amb grans finestrals al jard\u00ed, dos dormitoris i dos banys. \u00c9s una opci\u00f3 ideal com a habitatge habitual a Barcelona, combinant efici\u00e8ncia energ\u00e8tica, disseny modern i confort.<\/p>\n\n\",\"margin_bottom\":\"\",\"margin_top\":\"\",\"maxwidth\":\"xlarge\"}},{\"name\":\"Panel Slider Sets\",\"type\":\"panel-slider\",\"children\":[{\"type\":\"panel-slider_item\",\"props\":{\"content\":\"\n\n<p>1<\/p>\n\n\",\"image\":\"wp-content\/uploads\/2024\/08\/plantas.webp\",\"meta\":\"\",\"title\":\"Plantes\"}},{\"type\":\"panel-slider_item\",\"props\":{\"content\":\"\n\n<p>2<\/p>\n\n\",\"image\":\"wp-content\/uploads\/2024\/07\/habitaciones-3.webp\",\"meta\":\"\",\"title\":\"Habs\"}},{\"type\":\"panel-slider_item\",\"props\":{\"content\":\"\n\n<p>2<\/p>\n\n\",\"image\":\"wp-content\/uploads\/2024\/07\/banos-3.webp\",\"meta\":\"\",\"title\":\"Banys\"}},{\"type\":\"panel-slider_item\",\"props\":{\"content\":\"\n\n<p>81<\/p>\n\n\",\"image\":\"wp-content\/uploads\/2024\/07\/cubo-3.webp\",\"meta\":\"\",\"title\":\"Ocup\"}}],\"props\":{\"block_align\":\"center\",\"container_padding_remove\":true,\"content_column_breakpoint\":\"m\",\"content_margin\":\"small\",\"image_align\":\"top\",\"image_grid_breakpoint\":\"m\",\"image_grid_width\":\"1-2\",\"image_link\":false,\"image_svg_color\":\"emphasis\",\"image_width\":25,\"link_style\":\"text\",\"link_text\":\"\",\"margin_bottom\":\"default\",\"margin_top\":\"default\",\"maxwidth\":\"xlarge\",\"meta_align\":\"above-title\",\"meta_color\":\"primary\",\"meta_element\":\"div\",\"meta_margin\":\"small\",\"meta_style\":\"h6\",\"nav\":\"\",\"nav_align\":\"center\",\"nav_breakpoint\":\"s\",\"nav_margin\":\"medium\",\"panel_link\":false,\"panel_match\":true,\"show_content\":true,\"show_hover_image\":true,\"show_hover_video\":true,\"show_image\":true,\"show_link\":true,\"show_meta\":true,\"show_title\":true,\"show_video\":true,\"slidenav\":\"\",\"slidenav_breakpoint\":\"xl\",\"slidenav_hover\":false,\"slidenav_margin\":\"medium\",\"slidenav_outside_breakpoint\":\"xl\",\"slider_autoplay_pause\":true,\"slider_divider\":false,\"slider_gap\":\"medium\",\"slider_sets\":false,\"slider_width\":\"fixed\",\"slider_width_default\":\"1-4\",\"slider_width_medium\":\"1-5\",\"text_align\":\"center\",\"title_align\":\"top\",\"title_element\":\"h3\",\"title_grid_breakpoint\":\"m\",\"title_grid_width\":\"1-2\",\"title_hover_style\":\"heading\",\"title_link\":false,\"title_margin\":\"small\",\"title_style\":\"h6\"}},{\"type\":\"button\",\"props\":{\"block_align\":\"center\",\"button_size\":\"large\",\"fullwidth\":false,\"grid_column_gap\":\"small\",\"grid_row_gap\":\"small\",\"margin_bottom\":\"default\",\"margin_top\":\"default\",\"maxwidth\":\"xlarge\"},\"children\":[{\"type\":\"button_item\",\"props\":{\"button_style\":\"secondary\",\"content\":\"Veure model\",\"dialog_layout\":\"modal\",\"dialog_offcanvas_flip\":true,\"icon\":\"home\",\"icon_align\":\"left\",\"link\":\"ca\/modulars\/francesca-81\/\",\"link_title\":\"Veure model\"}}]}]}]}],\"name\":\"Francesca 81\"},{\"type\":\"section\",\"props\":{\"image_position\":\"center-center\",\"padding_top\":\"none\",\"style\":\"default\",\"title_breakpoint\":\"xl\",\"title_position\":\"top-left\",\"title_rotation\":\"left\",\"vertical_align\":\"middle\",\"width\":\"large\"},\"children\":[{\"type\":\"row\",\"props\":{\"column_gap\":\"collapse\",\"layout\":\"1-2,1-2\",\"row_gap\":\"collapse\"},\"children\":[{\"type\":\"column\",\"props\":{\"image_position\":\"center-center\",\"position_sticky_breakpoint\":\"m\",\"vertical_align\":\"middle\",\"width_medium\":\"1-2\"},\"children\":[{\"type\":\"image\",\"props\":{\"image\":\"wp-content\/uploads\/2025\/01\/casa-modular-alexandra90-1.webp\",\"image_height\":800,\"image_svg_color\":\"emphasis\",\"image_width\":800,\"margin_bottom\":\"default\",\"margin_top\":\"default\"}}]},{\"type\":\"column\",\"props\":{\"image_position\":\"center-center\",\"padding\":\"xsmall\",\"position_sticky_breakpoint\":\"m\",\"style\":\"tile-muted\",\"vertical_align\":\"middle\",\"width_medium\":\"1-2\"},\"children\":[{\"type\":\"headline\",\"props\":{\"block_align\":\"center\",\"content\":\"Casa prefabricada <strong>Alexandra 90<\/strong> per a fam\u00edlies\",\"image_align\":\"left\",\"image_margin\":\"xsmall\",\"margin_bottom\":\"small\",\"margin_top\":\"small\",\"maxwidth\":\"xlarge\",\"title_element\":\"h2\",\"title_style\":\"h2\"}},{\"type\":\"text\",\"props\":{\"block_align\":\"center\",\"column_breakpoint\":\"m\",\"content\":\"\n\n<p><strong>156.800,00 \u20ac<\/strong> <span class=\\\"text-iva\\\">+ IVA<\/span><\/p>\n\n\",\"margin_bottom\":\"small\",\"margin_top\":\"small\",\"maxwidth\":\"xlarge\",\"text_style\":\"large\"}},{\"type\":\"text\",\"props\":{\"block_align\":\"center\",\"column_breakpoint\":\"m\",\"content\":\"\n\n<p>1.742,22 \u20ac \/ m\u00b2<\/p>\n\n\",\"margin_bottom\":\"small\",\"margin_top\":\"small\",\"maxwidth\":\"xlarge\"}},{\"type\":\"text\",\"props\":{\"block_align\":\"center\",\"column_breakpoint\":\"m\",\"content\":\"\n\n<p>*Preu acabats parcials sense IVA<\/p>\n\n\",\"margin_bottom\":\"default\",\"margin_top\":\"default\",\"maxwidth\":\"xlarge\",\"text_style\":\"small\"}},{\"type\":\"text\",\"props\":{\"block_align\":\"center\",\"column_breakpoint\":\"m\",\"content\":\"\n\n<p><strong>Disponible en formig\u00f3 cel\u00b7lular <span class=\\\"text-ytong\\\">YTONG<sup>\u00ae<\/sup><\/span><\/strong><\/p>\n\n\\n\n\n<p>La casa modular <strong>Alexandra 90<\/strong> est\u00e0 dissenyada per aprofitar cada espai sense passadissos innecessaris. Distribu\u00efda en una sola planta, ofereix un habitatge c\u00f2mode i funcional ideal per a fam\u00edlies.<\/p>\n\n\\n\n\n<p>Compta amb un sal\u00f3-menjador obert i llumin\u00f3s amb grans finestrals al jard\u00ed, tres dormitoris i dos banys. Combina disseny modern, efici\u00e8ncia energ\u00e8tica i confort en un format pr\u00e0ctic i equilibrat.<\/p>\n\n\",\"margin_bottom\":\"\",\"margin_top\":\"\",\"maxwidth\":\"xlarge\"}},{\"name\":\"Panel Slider Sets\",\"type\":\"panel-slider\",\"children\":[{\"type\":\"panel-slider_item\",\"props\":{\"content\":\"\n\n<p>1<\/p>\n\n\",\"image\":\"wp-content\/uploads\/2024\/08\/plantas.webp\",\"meta\":\"\",\"title\":\"Plantes\"}},{\"type\":\"panel-slider_item\",\"props\":{\"content\":\"\n\n<p>3<\/p>\n\n\",\"image\":\"wp-content\/uploads\/2024\/07\/habitaciones-3.webp\",\"meta\":\"\",\"title\":\"Habs\"}},{\"type\":\"panel-slider_item\",\"props\":{\"content\":\"\n\n<p>2<\/p>\n\n\",\"image\":\"wp-content\/uploads\/2024\/07\/banos-3.webp\",\"meta\":\"\",\"title\":\"Banys\"}},{\"type\":\"panel-slider_item\",\"props\":{\"content\":\"\n\n<p>90<\/p>\n\n\",\"image\":\"wp-content\/uploads\/2024\/07\/cubo-3.webp\",\"meta\":\"\",\"title\":\"Ocup\"}}],\"props\":{\"block_align\":\"center\",\"container_padding_remove\":true,\"content_column_breakpoint\":\"m\",\"content_margin\":\"small\",\"image_align\":\"top\",\"image_grid_breakpoint\":\"m\",\"image_grid_width\":\"1-2\",\"image_link\":false,\"image_svg_color\":\"emphasis\",\"image_width\":25,\"link_style\":\"text\",\"link_text\":\"\",\"margin_bottom\":\"default\",\"margin_top\":\"default\",\"maxwidth\":\"xlarge\",\"meta_align\":\"above-title\",\"meta_color\":\"primary\",\"meta_element\":\"div\",\"meta_margin\":\"small\",\"meta_style\":\"h6\",\"nav\":\"\",\"nav_align\":\"center\",\"nav_breakpoint\":\"s\",\"nav_margin\":\"medium\",\"panel_link\":false,\"panel_match\":true,\"show_content\":true,\"show_hover_image\":true,\"show_hover_video\":true,\"show_image\":true,\"show_link\":true,\"show_meta\":true,\"show_title\":true,\"show_video\":true,\"slidenav\":\"\",\"slidenav_breakpoint\":\"xl\",\"slidenav_hover\":false,\"slidenav_margin\":\"medium\",\"slidenav_outside_breakpoint\":\"xl\",\"slider_autoplay_pause\":true,\"slider_divider\":false,\"slider_gap\":\"medium\",\"slider_sets\":false,\"slider_width\":\"fixed\",\"slider_width_default\":\"1-4\",\"slider_width_medium\":\"1-5\",\"text_align\":\"center\",\"title_align\":\"top\",\"title_element\":\"h3\",\"title_grid_breakpoint\":\"m\",\"title_grid_width\":\"1-2\",\"title_hover_style\":\"heading\",\"title_link\":false,\"title_margin\":\"small\",\"title_style\":\"h6\"}},{\"type\":\"button\",\"props\":{\"block_align\":\"center\",\"button_size\":\"large\",\"fullwidth\":false,\"grid_column_gap\":\"small\",\"grid_row_gap\":\"small\",\"margin_bottom\":\"default\",\"margin_top\":\"default\",\"maxwidth\":\"xlarge\"},\"children\":[{\"type\":\"button_item\",\"props\":{\"button_style\":\"secondary\",\"content\":\"Veure model\",\"dialog_layout\":\"modal\",\"dialog_offcanvas_flip\":true,\"icon\":\"home\",\"icon_align\":\"left\",\"link\":\"ca\/modulars\/alexandra-90\/\",\"link_title\":\"Veure model\"}}]}]}]}],\"name\":\"Alexandra 90\"}],\"version\":\"5.0.17\"} --><\/p>\n","protected":false},"excerpt":{"rendered":"<p>Cases modulars prefabricades a Barcelona A AM Prefabricadas dissenyem i constru\u00efm cases modulars prefabricades a Barcelona amb materials d\u2019\u00faltima generaci\u00f3 com l\u2019entramat lleuger de fusta i el formig\u00f3 cel\u00b7lular YTONG\u00ae. Els nostres habitatges destaquen pel seu disseny modern, efici\u00e8ncia energ\u00e8tica i flexibilitat, ja que poden desmuntar-se i traslladar-se f\u00e0cilment a una altra parcel\u00b7la. Totes les [&hellip;]<\/p>\n","protected":false},"author":1,"featured_media":0,"parent":0,"menu_order":0,"comment_status":"closed","ping_status":"closed","template":"","meta":{"footnotes":""},"class_list":["post-5695","page","type-page","status-publish","hentry"],"_links":{"self":[{"href":"https:\/\/amprefabricadas.com\/ca\/wp-json\/wp\/v2\/pages\/5695","targetHints":{"allow":["GET"]}}],"collection":[{"href":"https:\/\/amprefabricadas.com\/ca\/wp-json\/wp\/v2\/pages"}],"about":[{"href":"https:\/\/amprefabricadas.com\/ca\/wp-json\/wp\/v2\/types\/page"}],"author":[{"embeddable":true,"href":"https:\/\/amprefabricadas.com\/ca\/wp-json\/wp\/v2\/users\/1"}],"replies":[{"embeddable":true,"href":"https:\/\/amprefabricadas.com\/ca\/wp-json\/wp\/v2\/comments?post=5695"}],"version-history":[{"count":25,"href":"https:\/\/amprefabricadas.com\/ca\/wp-json\/wp\/v2\/pages\/5695\/revisions"}],"predecessor-version":[{"id":9265,"href":"https:\/\/amprefabricadas.com\/ca\/wp-json\/wp\/v2\/pages\/5695\/revisions\/9265"}],"wp:attachment":[{"href":"https:\/\/amprefabricadas.com\/ca\/wp-json\/wp\/v2\/media?parent=5695"}],"curies":[{"name":"wp","href":"https:\/\/api.w.org\/{rel}","templated":true}]}}