{"id":4297,"date":"2024-12-12T00:23:32","date_gmt":"2024-12-11T23:23:32","guid":{"rendered":"https:\/?page_id=4297"},"modified":"2026-02-06T13:10:04","modified_gmt":"2026-02-06T12:10:04","slug":"avis-legal","status":"publish","type":"page","link":"https:\/\/amprefabricadas.com\/ca\/avis-legal\/","title":{"rendered":"Av\u00eds legal"},"content":{"rendered":"<h1>Av\u00eds legal<\/h1>\n<div>\n<p><strong>1- Informaci\u00f3 legal:<\/strong><\/p>\n<\/div>\n<div>\n<p>En compliment de l&#8217;article 22.2 de la Llei 34\/2002, d&#8217;11 de juliol, de Serveis de la Societat de la Informaci\u00f3 i de Comer\u00e7 Electr\u00f2nic (LSSI-CE) presentem la informaci\u00f3 seg\u00fcent:<\/p>\n<p><strong>TITULAR:<\/strong> ALEXANDRA PA\u00d1OS ALCAL\u00c1<\/p>\n<p><strong>DNI:<\/strong> 47790052P<\/p>\n<p><strong>NOM COMERCIAL:<\/strong> AM PREFABRICADAS<\/p>\n<p><strong>ADRE\u00c7A:<\/strong> C\/ Perdiu, 3, Oficina 2 &#8211; 08480 L&#8217;Ametlla del Vall\u00e8s (Barcelona)<\/p>\n<p><strong>CONTACTE:<\/strong> <a href=\"tel:+34930485120\">+34 930 485 120<\/a><\/p>\n<p><strong>EMAIL:<\/strong> <a href=\"mailto:info@amprefabricadas.com\">info@amprefabricadas.com<\/a><\/p>\n<p><strong>P\u00c0GINA WEB OFICIAL:<\/strong> <a href=\"https:\/\/amprefabricadas.com\/ca\/\">https:\/\/amprefabricadas.com\/ca\/<\/a><\/p>\n<\/div>\n<div>\n<p><strong>2- Protecci\u00f3 de dades:<\/strong><\/p>\n<\/div>\n<div>\n<p>Enviant un email o trucant per tel\u00e8fon, les vostres dades personals passaran a ser responsabilitat de l&#8217;empresa indicada a l&#8217;apartat: <em><strong>\u201c1- Informaci\u00f3 legal\u201d<\/strong><\/em>.<\/p>\n<p>Aquestes dades s&#8217;utilitzen per respondre a la vostra sol\u00b7licitud o consulta el m\u00e9s r\u00e0pid possible perqu\u00e8 vost\u00e8 ens les proporciona informat i lliurement amb aquesta finalitat. Per a altres tractaments o finalitats relacionats amb aquesta prestaci\u00f3 dels nostres serveis o el desenvolupament de la nostra activitat, podeu obtenir m\u00e9s informaci\u00f3 a la <em><strong>\u201cPol\u00edtica de privadesa\u201d<\/strong><\/em> o sol\u00b7licitar-nos-la a la nostra adre\u00e7a de correu electr\u00f2nic que apareix a l&#8217;apartat <em><strong>\u201c1- Informaci\u00f3 legal\u201d<\/strong><\/em>.<\/p>\n<\/div>\n<div>\n<p><strong>3- Limitaci\u00f3 de responsabilitats:<\/strong><\/p>\n<\/div>\n<div>\n<p><strong>AM Prefabricadas<\/strong> proporciona el seu lloc web corporatiu com a mitj\u00e0 per donar a con\u00e8ixer els seus serveis, i permetre el contacte amb els clients.<\/p>\n<p>La informaci\u00f3 de la p\u00e0gina web es presenta de bona fe i totalment certa, per\u00f2 ens reservem el dret de modificar-la sense previ av\u00eds amb la finalitat d&#8217;actualitzar-la, corregir errors i qualsevol altre inter\u00e8s de l&#8217;empresa o dels nostres clients. Per a la contractaci\u00f3 dels serveis de l&#8217;empresa s&#8217;atendran a all\u00f2 que es disposa en les condicions de contractaci\u00f3 publicades a la p\u00e0gina web. L&#8217;empresa no es responsabilitza sobre els possibles danys inform\u00e0tics que pateixi l&#8217;usuari mentre visiteu la nostra p\u00e0gina web, entenent que aquests no puguin ser imputables a l&#8217;empresa.<\/p>\n<p>L&#8217;empresa tampoc no es responsabilitza del contingut dels llocs gestionats per tercers que s&#8217;enllacin des de la p\u00e0gina web d&#8217;<strong>AM Prefabricadas<\/strong>, aix\u00ed mateix aquests enlla\u00e7os no implicaran l&#8217;exist\u00e8ncia d&#8217;algun tipus de relaci\u00f3 per part de l&#8217;empresa amb tercers.<\/p>\n<\/div>\n<div>\n<p><strong>4- Propietat intel\u00b7lectual:<\/strong><\/p>\n<\/div>\n<div>\n<p>Tots els continguts d&#8217;aquesta p\u00e0gina web, entenent com a tal, textos, dibuixos, gr\u00e0fics, fotografies, imatges, v\u00eddeos, m\u00fasica, codi, el mateix disseny d&#8217;aquesta i qualsevol altra creaci\u00f3, s\u00f3n propietat d&#8217;<strong>AM Prefabricadas<\/strong> o dels seus titulars respectius mitjan\u00e7ant la corresponent llic\u00e8ncia, autoritzaci\u00f3 o cessi\u00f3 sobre els drets i estan protegits en funci\u00f3 de la legislaci\u00f3 sobre la propietat intel\u00b7lectual i industrial. En cap cas, no s&#8217;entendr\u00e0 que <strong>AM Prefabricadas<\/strong> t\u00e9 sobre els continguts d&#8217;aquesta. Queda prohibit qualsevol \u00fas dels continguts de la nostra p\u00e0gina web, inclosa la modificaci\u00f3, la c\u00f2pia, la reproducci\u00f3, la transmissi\u00f3, entre d&#8217;altres, sense el perm\u00eds previ per escrit de l&#8217;empresa.<\/p>\n<\/div>\n<p><!--more--><br \/>\n<!-- {\"type\":\"layout\",\"children\":[{\"type\":\"section\",\"props\":{\"image_position\":\"center-center\",\"style\":\"default\",\"title_breakpoint\":\"xl\",\"title_position\":\"top-left\",\"title_rotation\":\"left\",\"vertical_align\":\"middle\",\"width\":\"default\"},\"children\":[{\"type\":\"row\",\"children\":[{\"type\":\"column\",\"props\":{\"image_position\":\"center-center\",\"position_sticky_breakpoint\":\"m\"},\"children\":[{\"type\":\"headline\",\"props\":{\"content\":\"Av\u00eds legal\",\"image_align\":\"left\",\"image_margin\":\"xsmall\",\"text_align\":\"center\",\"title_element\":\"h1\",\"title_style\":\"h2\"}},{\"type\":\"text\",\"props\":{\"column_breakpoint\":\"m\",\"content\":\"\n\n<p><strong>1- Informaci\u00f3 legal:<\/strong><\/p>\n\n\",\"margin_bottom\":\"default\",\"margin_top\":\"default\",\"text_style\":\"lead\"}},{\"type\":\"text\",\"props\":{\"column_breakpoint\":\"m\",\"content\":\"\n\n<p>En compliment de l'article 22.2 de la Llei 34\/2002, d'11 de juliol, de Serveis de la Societat de la Informaci\u00f3 i de Comer\u00e7 Electr\u00f2nic (LSSI-CE) presentem la informaci\u00f3 seg\u00fcent:<\/p>\n\n\\n\n\n<p><strong>TITULAR:<\/strong> ALEXANDRA PA\u00d1OS ALCAL\u00c1<\/p>\n\n\\n\n\n<p><strong>DNI:<\/strong> 47790052P<\/p>\n\n\\n\n\n<p><strong>NOM COMERCIAL:<\/strong> AM PREFABRICADAS<\/p>\n\n\\n\n\n<p><strong>ADRE\u00c7A:<\/strong> C\/ Perdiu, 3, Oficina 2 - 08480 L'Ametlla del Vall\u00e8s (Barcelona)<\/p>\n\n\\n\n\n<p><strong>CONTACTE:<\/strong> <a href=\\\"tel:+34930485120\\\">+34 930 485 120<\/a><\/p>\n\n\\n\n\n<p><strong>EMAIL:<\/strong> <a href=\\\"mailto:info@amprefabricadas.com\\\">info@amprefabricadas.com<\/a><\/p>\n\n\\n\n\n<p><strong>P\u00c0GINA WEB OFICIAL:<\/strong> <a href=\\\"https:\/\/amprefabricadas.com\/ca\/\\\">https:\/\/amprefabricadas.com\/ca\/<\/a><\/p>\n\n\",\"margin_bottom\":\"default\",\"margin_top\":\"default\"}}]}]},{\"type\":\"row\",\"children\":[{\"type\":\"column\",\"props\":{\"image_position\":\"center-center\",\"position_sticky_breakpoint\":\"m\"},\"children\":[{\"type\":\"text\",\"props\":{\"column_breakpoint\":\"m\",\"content\":\"\n\n<p><strong>2- Protecci\u00f3 de dades:<\/strong><\/p>\n\n\",\"margin_bottom\":\"default\",\"margin_top\":\"default\",\"text_style\":\"lead\"}},{\"type\":\"text\",\"props\":{\"column_breakpoint\":\"m\",\"content\":\"\n\n<p>Enviant un email o trucant per tel\u00e8fon, les vostres dades personals passaran a ser responsabilitat de l'empresa indicada a l'apartat: <em><strong>\u201c1- Informaci\u00f3 legal\u201d<\/strong><\/em>.<\/p>\n\n\\n\n\n<p>Aquestes dades s'utilitzen per respondre a la vostra sol\u00b7licitud o consulta el m\u00e9s r\u00e0pid possible perqu\u00e8 vost\u00e8 ens les proporciona informat i lliurement amb aquesta finalitat. Per a altres tractaments o finalitats relacionats amb aquesta prestaci\u00f3 dels nostres serveis o el desenvolupament de la nostra activitat, podeu obtenir m\u00e9s informaci\u00f3 a la <em><strong>\u201cPol\u00edtica de privadesa\u201d<\/strong><\/em> o sol\u00b7licitar-nos-la a la nostra adre\u00e7a de correu electr\u00f2nic que apareix a l'apartat <em><strong>\u201c1- Informaci\u00f3 legal\u201d<\/strong><\/em>.<\/p>\n\n\",\"margin_bottom\":\"default\",\"margin_top\":\"default\"}}]}]},{\"type\":\"row\",\"children\":[{\"type\":\"column\",\"props\":{\"image_position\":\"center-center\",\"position_sticky_breakpoint\":\"m\"},\"children\":[{\"type\":\"text\",\"props\":{\"column_breakpoint\":\"m\",\"content\":\"\n\n<p><strong>3- Limitaci\u00f3 de responsabilitats:<\/strong><\/p>\n\n\",\"margin_bottom\":\"default\",\"margin_top\":\"default\",\"text_style\":\"lead\"}},{\"type\":\"text\",\"props\":{\"column_breakpoint\":\"m\",\"content\":\"\n\n<p><strong>AM Prefabricadas<\/strong> proporciona el seu lloc web corporatiu com a mitj\u00e0 per donar a con\u00e8ixer els seus serveis, i permetre el contacte amb els clients.<\/p>\n\n\\n\n\n<p>La informaci\u00f3 de la p\u00e0gina web es presenta de bona fe i totalment certa, per\u00f2 ens reservem el dret de modificar-la sense previ av\u00eds amb la finalitat d'actualitzar-la, corregir errors i qualsevol altre inter\u00e8s de l'empresa o dels nostres clients. Per a la contractaci\u00f3 dels serveis de l'empresa s'atendran a all\u00f2 que es disposa en les condicions de contractaci\u00f3 publicades a la p\u00e0gina web. L'empresa no es responsabilitza sobre els possibles danys inform\u00e0tics que pateixi l'usuari mentre visiteu la nostra p\u00e0gina web, entenent que aquests no puguin ser imputables a l'empresa.<\/p>\n\n\\n\n\n<p>L'empresa tampoc no es responsabilitza del contingut dels llocs gestionats per tercers que s'enllacin des de la p\u00e0gina web d'<strong>AM Prefabricadas<\/strong>, aix\u00ed mateix aquests enlla\u00e7os no implicaran l'exist\u00e8ncia d'algun tipus de relaci\u00f3 per part de l'empresa amb tercers.<\/p>\n\n\",\"margin_bottom\":\"default\",\"margin_top\":\"default\"}}]}]},{\"type\":\"row\",\"children\":[{\"type\":\"column\",\"props\":{\"image_position\":\"center-center\",\"position_sticky_breakpoint\":\"m\"},\"children\":[{\"type\":\"text\",\"props\":{\"column_breakpoint\":\"m\",\"content\":\"\n\n<p><strong>4- Propietat intel\u00b7lectual:<\/strong><\/p>\n\n\",\"margin_bottom\":\"default\",\"margin_top\":\"default\",\"text_style\":\"lead\"}},{\"type\":\"text\",\"props\":{\"column_breakpoint\":\"m\",\"content\":\"\n\n<p>Tots els continguts d'aquesta p\u00e0gina web, entenent com a tal, textos, dibuixos, gr\u00e0fics, fotografies, imatges, v\u00eddeos, m\u00fasica, codi, el mateix disseny d'aquesta i qualsevol altra creaci\u00f3, s\u00f3n propietat d'<strong>AM Prefabricadas<\/strong> o dels seus titulars respectius mitjan\u00e7ant la corresponent llic\u00e8ncia, autoritzaci\u00f3 o cessi\u00f3 sobre els drets i estan protegits en funci\u00f3 de la legislaci\u00f3 sobre la propietat intel\u00b7lectual i industrial. En cap cas, no s'entendr\u00e0 que <strong>AM Prefabricadas<\/strong> t\u00e9 sobre els continguts d'aquesta. Queda prohibit qualsevol \u00fas dels continguts de la nostra p\u00e0gina web, inclosa la modificaci\u00f3, la c\u00f2pia, la reproducci\u00f3, la transmissi\u00f3, entre d'altres, sense el perm\u00eds previ per escrit de l'empresa.<\/p>\n\n\",\"margin_bottom\":\"default\",\"margin_top\":\"default\"}}]}]}],\"name\":\"Contingut\"}],\"version\":\"5.0.10\"} --><\/p>\n","protected":false},"excerpt":{"rendered":"<p>Av\u00eds legal 1- Informaci\u00f3 legal: En compliment de l&#8217;article 22.2 de la Llei 34\/2002, d&#8217;11 de juliol, de Serveis de la Societat de la Informaci\u00f3 i de Comer\u00e7 Electr\u00f2nic (LSSI-CE) presentem la informaci\u00f3 seg\u00fcent: TITULAR: ALEXANDRA PA\u00d1OS ALCAL\u00c1 DNI: 47790052P NOM COMERCIAL: AM PREFABRICADAS ADRE\u00c7A: C\/ Perdiu, 3, Oficina 2 &#8211; 08480 L&#8217;Ametlla del Vall\u00e8s [&hellip;]<\/p>\n","protected":false},"author":1,"featured_media":0,"parent":0,"menu_order":0,"comment_status":"closed","ping_status":"closed","template":"","meta":{"footnotes":""},"class_list":["post-4297","page","type-page","status-publish","hentry"],"_links":{"self":[{"href":"https:\/\/amprefabricadas.com\/ca\/wp-json\/wp\/v2\/pages\/4297","targetHints":{"allow":["GET"]}}],"collection":[{"href":"https:\/\/amprefabricadas.com\/ca\/wp-json\/wp\/v2\/pages"}],"about":[{"href":"https:\/\/amprefabricadas.com\/ca\/wp-json\/wp\/v2\/types\/page"}],"author":[{"embeddable":true,"href":"https:\/\/amprefabricadas.com\/ca\/wp-json\/wp\/v2\/users\/1"}],"replies":[{"embeddable":true,"href":"https:\/\/amprefabricadas.com\/ca\/wp-json\/wp\/v2\/comments?post=4297"}],"version-history":[{"count":1,"href":"https:\/\/amprefabricadas.com\/ca\/wp-json\/wp\/v2\/pages\/4297\/revisions"}],"predecessor-version":[{"id":9001,"href":"https:\/\/amprefabricadas.com\/ca\/wp-json\/wp\/v2\/pages\/4297\/revisions\/9001"}],"wp:attachment":[{"href":"https:\/\/amprefabricadas.com\/ca\/wp-json\/wp\/v2\/media?parent=4297"}],"curies":[{"name":"wp","href":"https:\/\/api.w.org\/{rel}","templated":true}]}}