{"id":4274,"date":"2024-12-12T00:06:11","date_gmt":"2024-12-11T23:06:11","guid":{"rendered":"https:\/?page_id=4274"},"modified":"2024-12-12T00:23:06","modified_gmt":"2024-12-11T23:23:06","slug":"qui-som","status":"publish","type":"page","link":"https:\/\/amprefabricadas.com\/ca\/qui-som\/","title":{"rendered":"Qui som?"},"content":{"rendered":"<p><img decoding=\"async\" src=\"\/wp-content\/uploads\/2024\/09\/quienes-somos.webp\" alt=\"\"><\/p>\n<h1>Qui <strong>som<\/strong>?<\/h1>\n<div>\n<p>Som una empresa jove i emprenedora, amb moltes ganes d&#8217;avan\u00e7ar i totalment compromesa amb el medi ambient i la construcci\u00f3 d&#8217;habitatges sostenibles amb estructura d&#8217;entramat lleuger de fusta i de formig\u00f3 cel\u00b7lular.<\/p>\n<\/div>\n<p><img decoding=\"async\" src=\"\/wp-content\/uploads\/2024\/09\/quienes-somos-vision-mision-valores.webp\" alt=\"\"><\/p>\n<h2>Visi\u00f3<\/h2>\n<div>\n<p>Volem formar part de les empreses que lideren el mercat nacional i internacional de la construcci\u00f3 de cases prefabricades, sostenibles i de molta alta qualitat, a un preu competitiu.<\/p>\n<\/div>\n<h2>Missi\u00f3<\/h2>\n<div>\n<p>El nostre equip vol presentar als nostres clients una gran varietat de solucions habitables amb els nostres sistemes constructius de r\u00e0pid muntatge i amb efici\u00e8ncia energ\u00e8tica A. Tot aix\u00f2, a un preu assolible, i amb totes les garanties per a m\u00faltiples butxaques.<\/p>\n<\/div>\n<h1><strong>Valors<\/strong> de la nostra empresa<\/h1>\n<p><img decoding=\"async\" src=\"\/wp-content\/uploads\/2024\/10\/competentes.webp\" alt=\"\"><\/p>\n<div>\n<p>Competents<\/p>\n<\/div>\n<div>\n<p>Complim amb tots els codis de construcci\u00f3 Espanyols (CTE).<\/p>\n<\/div>\n<p><img decoding=\"async\" src=\"\/wp-content\/uploads\/2024\/10\/expertos.webp\" alt=\"\"><\/p>\n<div>\n<p>Experts<\/p>\n<\/div>\n<div>\n<p>Tenim un equip t\u00e8cnic constructiu qualificat.<\/p>\n<\/div>\n<p><img decoding=\"async\" src=\"\/wp-content\/uploads\/2024\/10\/rapidos.webp\" alt=\"\"><\/p>\n<div>\n<p>R\u00e0pids<\/p>\n<\/div>\n<div>\n<p>Ens agrada respectar els temps d&#8217;entrega pactats.<\/p>\n<\/div>\n<p><img decoding=\"async\" src=\"\/wp-content\/uploads\/2024\/10\/directos.webp\" alt=\"\"><\/p>\n<div>\n<p>Directes<\/p>\n<\/div>\n<div>\n<p>Oferim al client el que necessita, ni m\u00e9s ni menys.<\/p>\n<\/div>\n<p><!--more--><br \/>\n<!-- {\"type\":\"layout\",\"children\":[{\"type\":\"section\",\"props\":{\"image_position\":\"center-center\",\"style\":\"default\",\"title_breakpoint\":\"xl\",\"title_position\":\"top-left\",\"title_rotation\":\"left\",\"vertical_align\":\"middle\",\"width\":\"default\"},\"children\":[{\"type\":\"row\",\"children\":[{\"type\":\"column\",\"props\":{\"image_position\":\"center-center\",\"position_sticky_breakpoint\":\"m\"},\"children\":[{\"type\":\"image\",\"props\":{\"image\":\"wp-content\\\/uploads\\\/2024\\\/09\\\/quienes-somos.webp\",\"image_svg_color\":\"emphasis\",\"image_width\":80,\"margin\":\"small\",\"text_align\":\"center\"}},{\"type\":\"headline\",\"props\":{\"content\":\"Qui <strong>som<\\\/strong>?\",\"margin\":\"small\",\"text_align\":\"center\",\"title_element\":\"h1\",\"title_style\":\"h2\"}},{\"type\":\"text\",\"props\":{\"block_align\":\"center\",\"column_breakpoint\":\"m\",\"content\":\"\n\n<p>Som una empresa jove i emprenedora, amb moltes ganes d'avan\\u00e7ar i totalment compromesa amb el medi ambient i la construcci\\u00f3 d'habitatges sostenibles amb estructura d'entramat lleuger de fusta i de formig\\u00f3 cel\\u00b7lular.<\\\/p>\",\"margin\":\"small\",\"maxwidth\":\"2xlarge\",\"text_align\":\"center\"}}]}]}],\"name\":\"Introducci\\u00f3\"},{\"type\":\"section\",\"props\":{\"image_position\":\"center-center\",\"padding_remove_top\":true,\"style\":\"default\",\"title_breakpoint\":\"xl\",\"title_position\":\"top-left\",\"title_rotation\":\"left\",\"vertical_align\":\"middle\",\"width\":\"large\"},\"children\":[{\"type\":\"row\",\"props\":{\"column_gap\":\"collapse\",\"layout\":\"1-2,1-2\",\"row_gap\":\"collapse\"},\"children\":[{\"type\":\"column\",\"props\":{\"image_position\":\"center-center\",\"position_sticky_breakpoint\":\"m\",\"vertical_align\":\"middle\",\"width_medium\":\"1-2\"},\"children\":[{\"type\":\"image\",\"props\":{\"image\":\"wp-content\\\/uploads\\\/2024\\\/09\\\/quienes-somos-vision-mision-valores.webp\",\"image_height\":900,\"image_svg_color\":\"emphasis\",\"image_width\":1200,\"margin\":\"default\"}}]},{\"type\":\"column\",\"props\":{\"image_position\":\"center-center\",\"padding\":\"xsmall\",\"position_sticky_breakpoint\":\"m\",\"style\":\"tile-muted\",\"vertical_align\":\"middle\",\"width_medium\":\"1-2\"},\"children\":[{\"type\":\"headline\",\"props\":{\"block_align\":\"center\",\"content\":\"Visi\\u00f3\",\"margin\":\"small\",\"maxwidth\":\"large\",\"title_element\":\"h2\",\"title_style\":\"h1\"}},{\"type\":\"text\",\"props\":{\"block_align\":\"center\",\"column_breakpoint\":\"m\",\"content\":\"\n\n<p>Volem formar part de les empreses que lideren el mercat nacional i internacional de la construcci\\u00f3 de cases prefabricades, sostenibles i de molta alta qualitat, a un preu competitiu.<\\\/p>\",\"margin\":\"\",\"maxwidth\":\"large\"}},{\"type\":\"headline\",\"props\":{\"block_align\":\"center\",\"content\":\"Missi\\u00f3\",\"margin\":\"small\",\"maxwidth\":\"large\",\"title_element\":\"h2\",\"title_style\":\"h1\"}},{\"type\":\"text\",\"props\":{\"block_align\":\"center\",\"column_breakpoint\":\"m\",\"content\":\"\n\n<p>El nostre equip vol presentar als nostres clients una gran varietat de solucions habitables amb els nostres sistemes constructius de r\\u00e0pid muntatge i amb efici\\u00e8ncia energ\\u00e8tica A. Tot aix\\u00f2, a un preu assolible, i amb totes les garanties per a m\\u00faltiples butxaques.<\\\/p>\",\"margin\":\"\",\"maxwidth\":\"large\"}}]}]}],\"name\":\"Visi\\u00f3 i missi\\u00f3\"},{\"type\":\"section\",\"props\":{\"image_position\":\"center-center\",\"padding_remove_bottom\":false,\"padding_remove_top\":true,\"style\":\"default\",\"title_breakpoint\":\"xl\",\"title_position\":\"top-left\",\"title_rotation\":\"left\",\"vertical_align\":\"middle\",\"width\":\"default\"},\"children\":[{\"type\":\"row\",\"children\":[{\"type\":\"column\",\"props\":{\"image_position\":\"center-center\",\"position_sticky_breakpoint\":\"m\"},\"children\":[{\"type\":\"headline\",\"props\":{\"content\":\"<strong>Valors<\\\/strong> de la nostra empresa\",\"text_align\":\"center\",\"title_element\":\"h1\",\"title_style\":\"h2\"}}]}]},{\"type\":\"row\",\"props\":{\"divider\":false,\"layout\":\"1-4,1-4,1-4,1-4|1-2,1-2,1-2,1-2\"},\"children\":[{\"type\":\"column\",\"props\":{\"image_position\":\"center-center\",\"position_sticky_breakpoint\":\"m\",\"width_default\":\"1-2\",\"width_medium\":\"1-4\",\"width_small\":\"1-2\"},\"children\":[{\"type\":\"image\",\"props\":{\"image\":\"wp-content\\\/uploads\\\/2024\\\/10\\\/competentes.webp\",\"image_svg_color\":\"emphasis\",\"image_width\":60,\"margin\":\"default\",\"text_align\":\"center\"}},{\"type\":\"text\",\"props\":{\"column_breakpoint\":\"m\",\"content\":\"\n\n<p>Competents<\\\/p>\",\"margin\":\"small\",\"text_align\":\"center\",\"text_style\":\"large\"}},{\"type\":\"text\",\"props\":{\"column_breakpoint\":\"m\",\"content\":\"\n\n<p>Complim amb tots els codis de construcci\\u00f3 Espanyols (CTE).<\\\/p>\",\"margin\":\"small\",\"text_align\":\"center\"}}]},{\"type\":\"column\",\"props\":{\"image_position\":\"center-center\",\"position_sticky_breakpoint\":\"m\",\"width_default\":\"1-2\",\"width_medium\":\"1-4\",\"width_small\":\"1-2\"},\"children\":[{\"type\":\"image\",\"props\":{\"image\":\"wp-content\\\/uploads\\\/2024\\\/10\\\/expertos.webp\",\"image_svg_color\":\"emphasis\",\"image_width\":60,\"margin\":\"default\",\"text_align\":\"center\"}},{\"type\":\"text\",\"props\":{\"column_breakpoint\":\"m\",\"content\":\"\n\n<p>Experts<\\\/p>\",\"margin\":\"small\",\"text_align\":\"center\",\"text_style\":\"large\"}},{\"type\":\"text\",\"props\":{\"column_breakpoint\":\"m\",\"content\":\"\n\n<p>Tenim un equip t\\u00e8cnic constructiu qualificat.<\\\/p>\",\"margin\":\"small\",\"text_align\":\"center\"}}]},{\"type\":\"column\",\"props\":{\"image_position\":\"center-center\",\"position_sticky_breakpoint\":\"m\",\"width_default\":\"1-2\",\"width_medium\":\"1-4\",\"width_small\":\"1-2\"},\"children\":[{\"type\":\"image\",\"props\":{\"image\":\"wp-content\\\/uploads\\\/2024\\\/10\\\/rapidos.webp\",\"image_svg_color\":\"emphasis\",\"image_width\":60,\"margin\":\"default\",\"text_align\":\"center\"}},{\"type\":\"text\",\"props\":{\"column_breakpoint\":\"m\",\"content\":\"\n\n<p>R\\u00e0pids<\\\/p>\",\"margin\":\"small\",\"text_align\":\"center\",\"text_style\":\"large\"}},{\"type\":\"text\",\"props\":{\"column_breakpoint\":\"m\",\"content\":\"\n\n<p>Ens agrada respectar els temps d'entrega pactats.<\\\/p>\",\"margin\":\"small\",\"text_align\":\"center\"}}]},{\"type\":\"column\",\"props\":{\"image_position\":\"center-center\",\"position_sticky_breakpoint\":\"m\",\"width_default\":\"1-2\",\"width_medium\":\"1-4\",\"width_small\":\"1-2\"},\"children\":[{\"type\":\"image\",\"props\":{\"image\":\"wp-content\\\/uploads\\\/2024\\\/10\\\/directos.webp\",\"image_svg_color\":\"emphasis\",\"image_width\":60,\"margin\":\"default\",\"text_align\":\"center\"}},{\"type\":\"text\",\"props\":{\"column_breakpoint\":\"m\",\"content\":\"\n\n<p>Directes<\\\/p>\",\"margin\":\"small\",\"text_align\":\"center\",\"text_style\":\"large\"}},{\"type\":\"text\",\"props\":{\"column_breakpoint\":\"m\",\"content\":\"\n\n<p>Oferim al client el que necessita, ni m\\u00e9s ni menys.<\\\/p>\",\"margin\":\"small\",\"text_align\":\"center\"}}]}]}],\"name\":\"Valors ecol\\u00f2gics\"}],\"version\":\"4.4.16\"} --><\/p>\n","protected":false},"excerpt":{"rendered":"<p>Qui som? Som una empresa jove i emprenedora, amb moltes ganes d&#8217;avan\u00e7ar i totalment compromesa amb el medi ambient i la construcci\u00f3 d&#8217;habitatges sostenibles amb estructura d&#8217;entramat lleuger de fusta i de formig\u00f3 cel\u00b7lular. Visi\u00f3 Volem formar part de les empreses que lideren el mercat nacional i internacional de la construcci\u00f3 de cases prefabricades, sostenibles [&hellip;]<\/p>\n","protected":false},"author":1,"featured_media":0,"parent":0,"menu_order":0,"comment_status":"closed","ping_status":"closed","template":"","meta":{"footnotes":""},"class_list":["post-4274","page","type-page","status-publish","hentry"],"_links":{"self":[{"href":"https:\/\/amprefabricadas.com\/ca\/wp-json\/wp\/v2\/pages\/4274","targetHints":{"allow":["GET"]}}],"collection":[{"href":"https:\/\/amprefabricadas.com\/ca\/wp-json\/wp\/v2\/pages"}],"about":[{"href":"https:\/\/amprefabricadas.com\/ca\/wp-json\/wp\/v2\/types\/page"}],"author":[{"embeddable":true,"href":"https:\/\/amprefabricadas.com\/ca\/wp-json\/wp\/v2\/users\/1"}],"replies":[{"embeddable":true,"href":"https:\/\/amprefabricadas.com\/ca\/wp-json\/wp\/v2\/comments?post=4274"}],"version-history":[{"count":0,"href":"https:\/\/amprefabricadas.com\/ca\/wp-json\/wp\/v2\/pages\/4274\/revisions"}],"wp:attachment":[{"href":"https:\/\/amprefabricadas.com\/ca\/wp-json\/wp\/v2\/media?parent=4274"}],"curies":[{"name":"wp","href":"https:\/\/api.w.org\/{rel}","templated":true}]}}